{"id":2856,"date":"2026-02-03T13:08:19","date_gmt":"2026-02-03T12:08:19","guid":{"rendered":"https:\/\/oudheidkamertexel.nl\/?page_id=2856"},"modified":"2026-02-03T13:44:44","modified_gmt":"2026-02-03T12:44:44","slug":"hausordnung","status":"publish","type":"page","link":"https:\/\/oudheidkamertexel.nl\/de\/karten-information\/hausordnung\/","title":{"rendered":"Hausordnung"},"content":{"rendered":"<section class=\"wp-block  alignfull block-room \" id=\"block-room-block_c5e741fd291d8c3afcf7accf5cdfdb24\">\n            <div class=\"row align-center\">\n            <div class=\"column small-12 large-8\">\n                <div class=\"text-center special-text\">\n                                                                <h2>Hausordnung<\/h2>\n                                        <p>Im Oudheidkamer Texel m\u00f6chten wir allen Besuchern einen angenehmen und sicheren Museumsbesuch bieten. Um dies f\u00fcr alle zu gew\u00e4hrleisten, gelten bei uns klare Hausregeln. Auf dieser Seite finden Sie eine \u00dcbersicht \u00fcber die Hausregeln, die w\u00e4hrend Ihres Besuchs in unserem Museum gelten.<\/p>\n                <\/div>\n            <\/div>\n        <\/div>\n    \n    <div class=\"row expanded small-up-1 large-up-3 \">\n            <\/div>\n<\/section>\n\n\n<ul class=\"wp-block-list\">\n<li>Kinder unter 13 Jahren sind im Oudheidkamer Texel in Begleitung eines Erwachsenen willkommen.<\/li>\n\n\n\n<li>Rennen und Schreien sind sowohl im Museum als auch auf dem Au\u00dfengel\u00e4nde nicht gestattet.<\/li>\n\n\n\n<li>Bollerwagen, Laufr\u00e4der und (Stunt-)Roller d\u00fcrfen nicht mit ins Museum genommen werden; in der Garderobe gibt es Platz, um diese auf eigene Gefahr abzustellen.<\/li>\n\n\n\n<li>Die Besucher sind verpflichtet, sorgf\u00e4ltig mit unserer Sammlung, dem Geb\u00e4ude und dem Au\u00dfenbereich umzugehen; Sch\u00e4den, die durch Besucher verursacht werden, unterliegen deren Haftung.<\/li>\n\n\n\n<li>Deutlich erkennbare, zertifizierte Assistenzhunde sind im Museum willkommen, andere Tiere nicht.<\/li>\n\n\n\n<li>Besucher, die sich nicht selbstst\u00e4ndig durch das Museum bewegen k\u00f6nnen, d\u00fcrfen gegen Vorlage einer g\u00fcltigen Begleiterkarte oder \u00e4rztlichen Attests eine Begleitperson kostenlos mitbringen.<\/li>\n\n\n\n<li>Das Essen und Trinken ist im Museum und im Museumsshop nicht gestattet.<\/li>\n\n\n\n<li>Das gesamte Museum und das Au\u00dfengel\u00e4nde sind rauchfrei, auch E-Zigaretten sind nicht erlaubt.<\/li>\n\n\n\n<li>Wir bitten Besucher, das Museum in angemessener Kleidung zu besuchen; das Tragen von Badekleidung ist nicht gestattet.<\/li>\n\n\n\n<li>Eine halbe Stunde vor Schlie\u00dfung werden keine Eintrittskarten mehr verkauft.<\/li>\n\n\n\n<li>Haben Sie etwas im Museum verloren? Wir bewahren Fundsachen maximal 2 Monate lang auf.<\/li>\n\n\n\n<li>Sowohl im Museum als auch auf dem Au\u00dfenbereich gibt es eine Kamera\u00fcberwachung, die Aufnahmen werden von der Oudheidkamer Texel vor\u00fcbergehend gespeichert.<\/li>\n<\/ul>\n\n\n<section class=\"wp-block alignfull more-items\" id=\"more-items-block_08b868c1d45af40b3ebed2a0ead8828f\">\n\t<div class=\"row text-center align-center pb-s\">\n\t\t<div class=\"column small-12 large-6\">\n\t\t\t<h2>Mehr erfahren?<\/h2>\t\t\t\t\t<\/div> \n\t<\/div>\n\t<div class=\"row small-up-1 medium-up-2 large-up-3 flex-grow\">\n\t\t\t\t\t<div class=\"column\">\n\t\t\t\t<a href=\"https:\/\/oudheidkamertexel.nl\/de\/was-gibt-es-dort-zu-sehen\/\" class=\"card grow card--white\">\n\t\t\t\t\t<img class=\"card__image lazyload aspect-ratio-6-4\" data-src=\"https:\/\/oudheidkamertexel.nl\/wp-content\/uploads\/2024\/07\/header-jongens-carrousel-11-600x400.jpg\" alt=\"Twee jongens kijken naar het speelgoed van de generatie van hun oma in de tentoonstelling Spelen met het Verleden\" \/>\n\t\t\t\t\t<div class=\"card__content grow\">\n\t\t\t\t\t\t<h3 class=\"h4 card__title\">Was gibt es dort zu sehen?<\/h3>\n\t\t\t\t\t\t<div class=\"card__text text-grow\">\n\t\t\t\t\t\t\t<p>Ein Haus, in dem die Zeit stehen geblieben ist<\/p>\n\t\t\t\t\t\t<\/div>\n\t\t\t\t\t\t<button class=\"button card__button\"><\/button>\n\t\t\t\t\t<\/div>\n\t\t\t\t<\/a>\n\t\t\t<\/div>\n\t\t\t\t\t<div class=\"column\">\n\t\t\t\t<a href=\"https:\/\/oudheidkamertexel.nl\/de\/karten-information\/\" class=\"card grow card--white\">\n\t\t\t\t\t<img class=\"card__image lazyload aspect-ratio-6-4\" data-src=\"https:\/\/oudheidkamertexel.nl\/wp-content\/uploads\/2024\/07\/Header-over-ons--600x400.jpg\" alt=\"Detail van de deurkalf boven de entree van de Oudheidkamer\" \/>\n\t\t\t\t\t<div class=\"card__content grow\">\n\t\t\t\t\t\t<h3 class=\"h4 card__title\">Karten &amp; Information<\/h3>\n\t\t\t\t\t\t<div class=\"card__text text-grow\">\n\t\t\t\t\t\t\t<p>Karten, Information und Barrierefreiheit<\/p>\n\t\t\t\t\t\t<\/div>\n\t\t\t\t\t\t<button class=\"button card__button\"><\/button>\n\t\t\t\t\t<\/div>\n\t\t\t\t<\/a>\n\t\t\t<\/div>\n\t\t\t\t\t<div class=\"column\">\n\t\t\t\t<a href=\"https:\/\/oudheidkamertexel.nl\/de\/unterstutzen-sie-uns\/\" class=\"card grow card--white\">\n\t\t\t\t\t<img class=\"card__image lazyload aspect-ratio-6-4\" data-src=\"https:\/\/oudheidkamertexel.nl\/wp-content\/uploads\/2024\/07\/header-trapgevel-contactpagina-600x400.jpg\" alt=\"Detail van de trapgevel van Oudheidkamer Texel\" \/>\n\t\t\t\t\t<div class=\"card__content grow\">\n\t\t\t\t\t\t<h3 class=\"h4 card__title\">Unterst\u00fctzen Sie uns<\/h3>\n\t\t\t\t\t\t<div class=\"card__text text-grow\">\n\t\t\t\t\t\t\t<p>Tragen Sie einen Teil bei<\/p>\n\t\t\t\t\t\t<\/div>\n\t\t\t\t\t\t<button class=\"button card__button\"><\/button>\n\t\t\t\t\t<\/div>\n\t\t\t\t<\/a>\n\t\t\t<\/div>\n\t\t\t<\/div>\n<\/section>\n","protected":false},"excerpt":{"rendered":"<p>Ein altmodisches leckeres Rezept<\/p>\n","protected":false},"author":5,"featured_media":1067,"parent":1724,"menu_order":63,"comment_status":"closed","ping_status":"closed","template":"page-templates\/small-header-text.php","meta":{"_acf_changed":false,"footnotes":""},"class_list":["post-2856","page","type-page","status-publish","has-post-thumbnail","hentry"],"acf":[],"yoast_head":"<!-- This site is optimized with the Yoast SEO plugin v27.5 - https:\/\/yoast.com\/product\/yoast-seo-wordpress\/ -->\n<title>Hausordnung - Oudheidkamer Texel<\/title>\n<meta name=\"description\" content=\"Lesen Sie die Besucherregeln der Oudheidkamer Texel. Erfahren Sie, wie wir einen sicheren und angenehmen Museumsbesuch gew\u00e4hrleisten.\" \/>\n<meta name=\"robots\" content=\"index, follow, max-snippet:-1, max-image-preview:large, max-video-preview:-1\" \/>\n<link rel=\"canonical\" href=\"https:\/\/oudheidkamertexel.nl\/de\/karten-information\/hausordnung\/\" \/>\n<meta property=\"og:locale\" content=\"de_DE\" \/>\n<meta property=\"og:type\" content=\"article\" \/>\n<meta property=\"og:title\" content=\"Hausordnung - Oudheidkamer Texel\" \/>\n<meta property=\"og:description\" content=\"Lesen Sie die Besucherregeln der Oudheidkamer Texel. Erfahren Sie, wie wir einen sicheren und angenehmen Museumsbesuch gew\u00e4hrleisten.\" \/>\n<meta property=\"og:url\" content=\"https:\/\/oudheidkamertexel.nl\/de\/karten-information\/hausordnung\/\" \/>\n<meta property=\"og:site_name\" content=\"Oudheidkamer Texel\" \/>\n<meta property=\"article:modified_time\" content=\"2026-02-03T12:44:44+00:00\" \/>\n<meta property=\"og:image\" content=\"https:\/\/oudheidkamertexel.nl\/wp-content\/uploads\/2024\/07\/Zelfgebreid-dekentje-voor-poppenwagen.jpg\" \/>\n\t<meta property=\"og:image:width\" content=\"1500\" \/>\n\t<meta property=\"og:image:height\" content=\"989\" \/>\n\t<meta property=\"og:image:type\" content=\"image\/jpeg\" \/>\n<meta name=\"twitter:card\" content=\"summary_large_image\" \/>\n<meta name=\"twitter:label1\" content=\"Est. reading time\" \/>\n\t<meta name=\"twitter:data1\" content=\"2 minutes\" \/>\n<script type=\"application\/ld+json\" class=\"yoast-schema-graph\">{\"@context\":\"https:\\\/\\\/schema.org\",\"@graph\":[{\"@type\":\"WebPage\",\"@id\":\"https:\\\/\\\/oudheidkamertexel.nl\\\/de\\\/karten-information\\\/hausordnung\\\/\",\"url\":\"https:\\\/\\\/oudheidkamertexel.nl\\\/de\\\/karten-information\\\/hausordnung\\\/\",\"name\":\"Hausordnung - Oudheidkamer Texel\",\"isPartOf\":{\"@id\":\"https:\\\/\\\/oudheidkamertexel.nl\\\/de\\\/#website\"},\"primaryImageOfPage\":{\"@id\":\"https:\\\/\\\/oudheidkamertexel.nl\\\/de\\\/karten-information\\\/hausordnung\\\/#primaryimage\"},\"image\":{\"@id\":\"https:\\\/\\\/oudheidkamertexel.nl\\\/de\\\/karten-information\\\/hausordnung\\\/#primaryimage\"},\"thumbnailUrl\":\"https:\\\/\\\/oudheidkamertexel.nl\\\/wp-content\\\/uploads\\\/2024\\\/07\\\/Zelfgebreid-dekentje-voor-poppenwagen.jpg\",\"datePublished\":\"2026-02-03T12:08:19+00:00\",\"dateModified\":\"2026-02-03T12:44:44+00:00\",\"description\":\"Lesen Sie die Besucherregeln der Oudheidkamer Texel. Erfahren Sie, wie wir einen sicheren und angenehmen Museumsbesuch gew\u00e4hrleisten.\",\"breadcrumb\":{\"@id\":\"https:\\\/\\\/oudheidkamertexel.nl\\\/de\\\/karten-information\\\/hausordnung\\\/#breadcrumb\"},\"inLanguage\":\"de-DE\",\"potentialAction\":[{\"@type\":\"ReadAction\",\"target\":[\"https:\\\/\\\/oudheidkamertexel.nl\\\/de\\\/karten-information\\\/hausordnung\\\/\"]}]},{\"@type\":\"ImageObject\",\"inLanguage\":\"de-DE\",\"@id\":\"https:\\\/\\\/oudheidkamertexel.nl\\\/de\\\/karten-information\\\/hausordnung\\\/#primaryimage\",\"url\":\"https:\\\/\\\/oudheidkamertexel.nl\\\/wp-content\\\/uploads\\\/2024\\\/07\\\/Zelfgebreid-dekentje-voor-poppenwagen.jpg\",\"contentUrl\":\"https:\\\/\\\/oudheidkamertexel.nl\\\/wp-content\\\/uploads\\\/2024\\\/07\\\/Zelfgebreid-dekentje-voor-poppenwagen.jpg\",\"width\":1500,\"height\":989,\"caption\":\"Zelfgebreid dekentje voor poppenwagen in de tentoonstelling Spelen met het Verleden in de Oudheidkamer.\"},{\"@type\":\"BreadcrumbList\",\"@id\":\"https:\\\/\\\/oudheidkamertexel.nl\\\/de\\\/karten-information\\\/hausordnung\\\/#breadcrumb\",\"itemListElement\":[{\"@type\":\"ListItem\",\"position\":1,\"name\":\"Home\",\"item\":\"https:\\\/\\\/oudheidkamertexel.nl\\\/de\\\/\"},{\"@type\":\"ListItem\",\"position\":2,\"name\":\"Karten &amp; Information\",\"item\":\"https:\\\/\\\/oudheidkamertexel.nl\\\/de\\\/karten-information\\\/\"},{\"@type\":\"ListItem\",\"position\":3,\"name\":\"Hausordnung\"}]},{\"@type\":\"WebSite\",\"@id\":\"https:\\\/\\\/oudheidkamertexel.nl\\\/de\\\/#website\",\"url\":\"https:\\\/\\\/oudheidkamertexel.nl\\\/de\\\/\",\"name\":\"Oudheidkamer Texel\",\"description\":\"\",\"potentialAction\":[{\"@type\":\"SearchAction\",\"target\":{\"@type\":\"EntryPoint\",\"urlTemplate\":\"https:\\\/\\\/oudheidkamertexel.nl\\\/de\\\/?s={search_term_string}\"},\"query-input\":{\"@type\":\"PropertyValueSpecification\",\"valueRequired\":true,\"valueName\":\"search_term_string\"}}],\"inLanguage\":\"de-DE\"}]}<\/script>\n<!-- \/ Yoast SEO plugin. -->","yoast_head_json":{"title":"Hausordnung - Oudheidkamer Texel","description":"Lesen Sie die Besucherregeln der Oudheidkamer Texel. Erfahren Sie, wie wir einen sicheren und angenehmen Museumsbesuch gew\u00e4hrleisten.","robots":{"index":"index","follow":"follow","max-snippet":"max-snippet:-1","max-image-preview":"max-image-preview:large","max-video-preview":"max-video-preview:-1"},"canonical":"https:\/\/oudheidkamertexel.nl\/de\/karten-information\/hausordnung\/","og_locale":"de_DE","og_type":"article","og_title":"Hausordnung - Oudheidkamer Texel","og_description":"Lesen Sie die Besucherregeln der Oudheidkamer Texel. Erfahren Sie, wie wir einen sicheren und angenehmen Museumsbesuch gew\u00e4hrleisten.","og_url":"https:\/\/oudheidkamertexel.nl\/de\/karten-information\/hausordnung\/","og_site_name":"Oudheidkamer Texel","article_modified_time":"2026-02-03T12:44:44+00:00","og_image":[{"width":1500,"height":989,"url":"https:\/\/oudheidkamertexel.nl\/wp-content\/uploads\/2024\/07\/Zelfgebreid-dekentje-voor-poppenwagen.jpg","type":"image\/jpeg"}],"twitter_card":"summary_large_image","twitter_misc":{"Est. reading time":"2 minutes"},"schema":{"@context":"https:\/\/schema.org","@graph":[{"@type":"WebPage","@id":"https:\/\/oudheidkamertexel.nl\/de\/karten-information\/hausordnung\/","url":"https:\/\/oudheidkamertexel.nl\/de\/karten-information\/hausordnung\/","name":"Hausordnung - Oudheidkamer Texel","isPartOf":{"@id":"https:\/\/oudheidkamertexel.nl\/de\/#website"},"primaryImageOfPage":{"@id":"https:\/\/oudheidkamertexel.nl\/de\/karten-information\/hausordnung\/#primaryimage"},"image":{"@id":"https:\/\/oudheidkamertexel.nl\/de\/karten-information\/hausordnung\/#primaryimage"},"thumbnailUrl":"https:\/\/oudheidkamertexel.nl\/wp-content\/uploads\/2024\/07\/Zelfgebreid-dekentje-voor-poppenwagen.jpg","datePublished":"2026-02-03T12:08:19+00:00","dateModified":"2026-02-03T12:44:44+00:00","description":"Lesen Sie die Besucherregeln der Oudheidkamer Texel. Erfahren Sie, wie wir einen sicheren und angenehmen Museumsbesuch gew\u00e4hrleisten.","breadcrumb":{"@id":"https:\/\/oudheidkamertexel.nl\/de\/karten-information\/hausordnung\/#breadcrumb"},"inLanguage":"de-DE","potentialAction":[{"@type":"ReadAction","target":["https:\/\/oudheidkamertexel.nl\/de\/karten-information\/hausordnung\/"]}]},{"@type":"ImageObject","inLanguage":"de-DE","@id":"https:\/\/oudheidkamertexel.nl\/de\/karten-information\/hausordnung\/#primaryimage","url":"https:\/\/oudheidkamertexel.nl\/wp-content\/uploads\/2024\/07\/Zelfgebreid-dekentje-voor-poppenwagen.jpg","contentUrl":"https:\/\/oudheidkamertexel.nl\/wp-content\/uploads\/2024\/07\/Zelfgebreid-dekentje-voor-poppenwagen.jpg","width":1500,"height":989,"caption":"Zelfgebreid dekentje voor poppenwagen in de tentoonstelling Spelen met het Verleden in de Oudheidkamer."},{"@type":"BreadcrumbList","@id":"https:\/\/oudheidkamertexel.nl\/de\/karten-information\/hausordnung\/#breadcrumb","itemListElement":[{"@type":"ListItem","position":1,"name":"Home","item":"https:\/\/oudheidkamertexel.nl\/de\/"},{"@type":"ListItem","position":2,"name":"Karten &amp; Information","item":"https:\/\/oudheidkamertexel.nl\/de\/karten-information\/"},{"@type":"ListItem","position":3,"name":"Hausordnung"}]},{"@type":"WebSite","@id":"https:\/\/oudheidkamertexel.nl\/de\/#website","url":"https:\/\/oudheidkamertexel.nl\/de\/","name":"Oudheidkamer Texel","description":"","potentialAction":[{"@type":"SearchAction","target":{"@type":"EntryPoint","urlTemplate":"https:\/\/oudheidkamertexel.nl\/de\/?s={search_term_string}"},"query-input":{"@type":"PropertyValueSpecification","valueRequired":true,"valueName":"search_term_string"}}],"inLanguage":"de-DE"}]}},"_links":{"self":[{"href":"https:\/\/oudheidkamertexel.nl\/de\/wp-json\/wp\/v2\/pages\/2856","targetHints":{"allow":["GET"]}}],"collection":[{"href":"https:\/\/oudheidkamertexel.nl\/de\/wp-json\/wp\/v2\/pages"}],"about":[{"href":"https:\/\/oudheidkamertexel.nl\/de\/wp-json\/wp\/v2\/types\/page"}],"author":[{"embeddable":true,"href":"https:\/\/oudheidkamertexel.nl\/de\/wp-json\/wp\/v2\/users\/5"}],"replies":[{"embeddable":true,"href":"https:\/\/oudheidkamertexel.nl\/de\/wp-json\/wp\/v2\/comments?post=2856"}],"version-history":[{"count":3,"href":"https:\/\/oudheidkamertexel.nl\/de\/wp-json\/wp\/v2\/pages\/2856\/revisions"}],"predecessor-version":[{"id":2885,"href":"https:\/\/oudheidkamertexel.nl\/de\/wp-json\/wp\/v2\/pages\/2856\/revisions\/2885"}],"up":[{"embeddable":true,"href":"https:\/\/oudheidkamertexel.nl\/de\/wp-json\/wp\/v2\/pages\/1724"}],"wp:featuredmedia":[{"embeddable":true,"href":"https:\/\/oudheidkamertexel.nl\/de\/wp-json\/wp\/v2\/media\/1067"}],"wp:attachment":[{"href":"https:\/\/oudheidkamertexel.nl\/de\/wp-json\/wp\/v2\/media?parent=2856"}],"curies":[{"name":"wp","href":"https:\/\/api.w.org\/{rel}","templated":true}]}}