{"id":2303,"date":"2024-06-25T15:25:12","date_gmt":"2024-06-25T13:25:12","guid":{"rendered":"https:\/\/oudheidkamertexel.nl\/geschichten-von-fruher\/broeder\/"},"modified":"2025-04-28T16:36:12","modified_gmt":"2025-04-28T14:36:12","slug":"broeder","status":"publish","type":"page","link":"https:\/\/oudheidkamertexel.nl\/de\/geschichten-von-fruher\/broeder\/","title":{"rendered":"Broeder"},"content":{"rendered":"\n<p><\/p>\n\n\n<section class=\"wp-block  alignfull block-room  circle-shapes\" id=\"block-room-block_e2e95242fec0375c4a377a19db8b7424\">\n            <div class=\"row align-center\">\n            <div class=\"column small-12 large-8\">\n                <div class=\"text-center special-text\">\n                                            <span>Ein altmodisches leckeres Rezept<\/span>\n                                                                <h2>Broeder<\/h2>\n                                        <p>Im Treppenschrank in der K\u00fcche der Oudheidkamer finden Sie eine ungew\u00f6hnliche Backform aus Ton. Sie besteht aus zwei Teilen und wurde f\u00fcr die Herstellung von Broeder verwendet.<\/p>\n                <\/div>\n            <\/div>\n        <\/div>\n    \n    <div class=\"row expanded small-up-1 large-up-3 \">\n            <\/div>\n<\/section>\n\n\n<section class=\"image-text wp-block alignfull image-text--image-right\" id=\"text-image-block_bbc6e9cf66f89a617151d83c4338a74d\">\n\t<div class=\"row align-middle\">\n\t\t\t\t\t<div class=\"column small-12 large-6 image-text__text-col\">\n\t\t\t\t<div class=\"px-l\">\n\t\t\t\t\t\t\t\t\t\t\t\t\t\t\t\t\t<h2 class=\"image-text__title\">Kein allt\u00e4glicher Genuss<\/h2>\n\t\t\t\t\t\t\t\t\t\t\t\t\t\t\t\t<div class=\"image-text__text\">\n\t\t\t\t\t\t\t<p>Broeder ist ein Luxusbrot, das mit Korinthen und Sultaninen gef\u00fcllt ist. Andere Namen f\u00fcr diese Brotsorte sind Poffert, Boffert und Ketelkoek.<br \/>\nBroeder wurde gebacken, indem der Teig in eine geschlossene Form gegeben und zwei Stunden lang in einem Topf mit kochendem Wasser erhitzt wurde. Heutzutage verwendet man daf\u00fcr eine Gugelhupfform und einen Ofen.<\/p>\n\t\t\t\t\t\t<\/div>\n\t\t\t\t\t\t\t\t\t\t\t\t\t\t<\/div>\n\t\t\t<\/div>\n\t\t\t\t\t\t\t<div class=\"column small-12 large-6 image-text__image-col\">\n\t\t\t\t<img class=\"image-text__image lazyload aspect-ratio-12-8\" data-src=\"https:\/\/oudheidkamertexel.nl\/wp-content\/uploads\/2024\/07\/broeder-2-1200x800.jpg\" alt=\"Een aardewerken bakvorm in de keuken van Oudheidkamer Texel\" \/>\n\t\t\t<\/div>\n\t\t\t<\/div>\n<\/section>\n\n\n<section class=\"image-text wp-block alignfull image-text--image-left\" id=\"text-image-block_8f73f83e542ca853e9e6e22259f0b5c9\">\n\t<div class=\"row align-middle\">\n\t\t\t\t\t<div class=\"column small-12 large-6 image-text__text-col\">\n\t\t\t\t<div class=\"px-l\">\n\t\t\t\t\t\t\t\t\t\t\t\t\t\t\t\t\t<h2 class=\"image-text__title\">Rezept Broeder<\/h2>\n\t\t\t\t\t\t\t\t\t\t\t\t\t\t\t\t<div class=\"image-text__text\">\n\t\t\t\t\t\t\t<p>Zutaten:<br \/>\n400 g selbsttreibendes Backmehl<br \/>\n2 Eier<br \/>\n450 ml lauwarme Milch<br \/>\n200 g Korinthen und Sultaninen<br \/>\neine Prise Salz<\/p>\n<p><span style=\"font-size: 1rem;\">Verarbeitung:<br \/>\nDen Backofen auf 175 Grad vorheizen. Backmehl, Eier und Milch miteinander vermischen. Dann die Korinthen, Sultaninen und eine Prise Salz hinzugeben. Den Teig in einer gefetteten Gugelhupfform im Ofen eine Stunde lang backen. Mit einer Gabel einstechen: Wenn kein Teig daran kleben bleibt, ist er gar.<\/p>\n<p>Den Laib noch warm essen; er schmeckt gut mit Butter und Zucker.<\/span><\/p>\n\t\t\t\t\t\t<\/div>\n\t\t\t\t\t\t\t\t\t\t\t\t\t\t<\/div>\n\t\t\t<\/div>\n\t\t\t\t\t\t\t<div class=\"column small-12 large-6 image-text__image-col\">\n\t\t\t\t<img class=\"image-text__image lazyload aspect-ratio-12-8\" data-src=\"https:\/\/oudheidkamertexel.nl\/wp-content\/uploads\/2024\/07\/broeder-2-1200x800.jpg\" alt=\"Een aardewerken bakvorm in de keuken van Oudheidkamer Texel\" \/>\n\t\t\t<\/div>\n\t\t\t<\/div>\n<\/section>\n\n<section class=\"wp-block alignfull more-items\" id=\"more-items-block_b5cb830ca52e0abcbc925bda2852493d\">\n\t<div class=\"row text-center align-center pb-s\">\n\t\t<div class=\"column small-12 large-6\">\n\t\t\t<h2>Mehr erfahren?<\/h2>\t\t\t\t\t<\/div> \n\t<\/div>\n\t<div class=\"row small-up-1 medium-up-2 large-up-3 flex-grow\">\n\t\t\t\t\t<div class=\"column\">\n\t\t\t\t<a href=\"https:\/\/oudheidkamertexel.nl\/de\/was-gibt-es-dort-zu-sehen\/die-kuche\/\" class=\"card grow card--white\">\n\t\t\t\t\t<img class=\"card__image lazyload aspect-ratio-6-4\" data-src=\"https:\/\/oudheidkamertexel.nl\/wp-content\/uploads\/2024\/07\/full-image-Keuken-600x400.jpg\" alt=\"De keuken met waterpomp in Oudheidkamer Texel.\" \/>\n\t\t\t\t\t<div class=\"card__content grow\">\n\t\t\t\t\t\t<h3 class=\"h4 card__title\">Die K\u00fcche<\/h3>\n\t\t\t\t\t\t<div class=\"card__text text-grow\">\n\t\t\t\t\t\t\t<p>Kochen auf Kohlen, Wasser aus der Pumpe<\/p>\n\t\t\t\t\t\t<\/div>\n\t\t\t\t\t\t<button class=\"button card__button\"><\/button>\n\t\t\t\t\t<\/div>\n\t\t\t\t<\/a>\n\t\t\t<\/div>\n\t\t\t\t\t<div class=\"column\">\n\t\t\t\t<a href=\"https:\/\/oudheidkamertexel.nl\/de\/was-gibt-es-dort-zu-sehen\/\" class=\"card grow card--white\">\n\t\t\t\t\t<img class=\"card__image lazyload aspect-ratio-6-4\" data-src=\"https:\/\/oudheidkamertexel.nl\/wp-content\/uploads\/2024\/07\/header-jongens-carrousel-11-600x400.jpg\" alt=\"Twee jongens kijken naar het speelgoed van de generatie van hun oma in de tentoonstelling Spelen met het Verleden\" \/>\n\t\t\t\t\t<div class=\"card__content grow\">\n\t\t\t\t\t\t<h3 class=\"h4 card__title\">Was gibt es dort zu sehen?<\/h3>\n\t\t\t\t\t\t<div class=\"card__text text-grow\">\n\t\t\t\t\t\t\t<p>Ein Haus, in dem die Zeit stehen geblieben ist<\/p>\n\t\t\t\t\t\t<\/div>\n\t\t\t\t\t\t<button class=\"button card__button\"><\/button>\n\t\t\t\t\t<\/div>\n\t\t\t\t<\/a>\n\t\t\t<\/div>\n\t\t\t\t\t<div class=\"column\">\n\t\t\t\t<a href=\"https:\/\/oudheidkamertexel.nl\/de\/karten-information\/\" class=\"card grow card--white\">\n\t\t\t\t\t<img class=\"card__image lazyload aspect-ratio-6-4\" data-src=\"https:\/\/oudheidkamertexel.nl\/wp-content\/uploads\/2024\/07\/Header-over-ons--600x400.jpg\" alt=\"Detail van de deurkalf boven de entree van de Oudheidkamer\" \/>\n\t\t\t\t\t<div class=\"card__content grow\">\n\t\t\t\t\t\t<h3 class=\"h4 card__title\">Karten &amp; Information<\/h3>\n\t\t\t\t\t\t<div class=\"card__text text-grow\">\n\t\t\t\t\t\t\t<p>Karten, Information und Barrierefreiheit<\/p>\n\t\t\t\t\t\t<\/div>\n\t\t\t\t\t\t<button class=\"button card__button\"><\/button>\n\t\t\t\t\t<\/div>\n\t\t\t\t<\/a>\n\t\t\t<\/div>\n\t\t\t<\/div>\n<\/section>\n","protected":false},"excerpt":{"rendered":"<p>Ein altmodisches leckeres Rezept<\/p>\n","protected":false},"author":2,"featured_media":1644,"parent":2294,"menu_order":32,"comment_status":"closed","ping_status":"closed","template":"page-templates\/small-header-text.php","meta":{"_acf_changed":false,"footnotes":""},"class_list":["post-2303","page","type-page","status-publish","has-post-thumbnail","hentry"],"acf":[],"yoast_head":"<!-- This site is optimized with the Yoast SEO plugin v27.5 - https:\/\/yoast.com\/product\/yoast-seo-wordpress\/ -->\n<title>Broeder - Oudheidkamer Texel<\/title>\n<meta name=\"description\" content=\"Ein altmodisches leckeres Rezept\" \/>\n<meta name=\"robots\" content=\"index, follow, max-snippet:-1, max-image-preview:large, max-video-preview:-1\" \/>\n<link rel=\"canonical\" href=\"https:\/\/oudheidkamertexel.nl\/de\/geschichten-von-fruher\/broeder\/\" \/>\n<meta property=\"og:locale\" content=\"de_DE\" \/>\n<meta property=\"og:type\" content=\"article\" \/>\n<meta property=\"og:title\" content=\"Broeder - Oudheidkamer Texel\" \/>\n<meta property=\"og:description\" content=\"Ein altmodisches leckeres Rezept\" \/>\n<meta property=\"og:url\" content=\"https:\/\/oudheidkamertexel.nl\/de\/geschichten-von-fruher\/broeder\/\" \/>\n<meta property=\"og:site_name\" content=\"Oudheidkamer Texel\" \/>\n<meta property=\"article:modified_time\" content=\"2025-04-28T14:36:12+00:00\" \/>\n<meta property=\"og:image\" content=\"https:\/\/oudheidkamertexel.nl\/wp-content\/uploads\/2024\/07\/broeder-scaled.jpg\" \/>\n\t<meta property=\"og:image:width\" content=\"2560\" \/>\n\t<meta property=\"og:image:height\" content=\"1920\" \/>\n\t<meta property=\"og:image:type\" content=\"image\/jpeg\" \/>\n<meta name=\"twitter:card\" content=\"summary_large_image\" \/>\n<meta name=\"twitter:label1\" content=\"Est. reading time\" \/>\n\t<meta name=\"twitter:data1\" content=\"1 minute\" \/>\n<script type=\"application\/ld+json\" class=\"yoast-schema-graph\">{\"@context\":\"https:\\\/\\\/schema.org\",\"@graph\":[{\"@type\":\"WebPage\",\"@id\":\"https:\\\/\\\/oudheidkamertexel.nl\\\/de\\\/geschichten-von-fruher\\\/broeder\\\/\",\"url\":\"https:\\\/\\\/oudheidkamertexel.nl\\\/de\\\/geschichten-von-fruher\\\/broeder\\\/\",\"name\":\"Broeder - Oudheidkamer Texel\",\"isPartOf\":{\"@id\":\"https:\\\/\\\/oudheidkamertexel.nl\\\/de\\\/#website\"},\"primaryImageOfPage\":{\"@id\":\"https:\\\/\\\/oudheidkamertexel.nl\\\/de\\\/geschichten-von-fruher\\\/broeder\\\/#primaryimage\"},\"image\":{\"@id\":\"https:\\\/\\\/oudheidkamertexel.nl\\\/de\\\/geschichten-von-fruher\\\/broeder\\\/#primaryimage\"},\"thumbnailUrl\":\"https:\\\/\\\/oudheidkamertexel.nl\\\/wp-content\\\/uploads\\\/2024\\\/07\\\/broeder-scaled.jpg\",\"datePublished\":\"2024-06-25T13:25:12+00:00\",\"dateModified\":\"2025-04-28T14:36:12+00:00\",\"breadcrumb\":{\"@id\":\"https:\\\/\\\/oudheidkamertexel.nl\\\/de\\\/geschichten-von-fruher\\\/broeder\\\/#breadcrumb\"},\"inLanguage\":\"de-DE\",\"potentialAction\":[{\"@type\":\"ReadAction\",\"target\":[\"https:\\\/\\\/oudheidkamertexel.nl\\\/de\\\/geschichten-von-fruher\\\/broeder\\\/\"]}]},{\"@type\":\"ImageObject\",\"inLanguage\":\"de-DE\",\"@id\":\"https:\\\/\\\/oudheidkamertexel.nl\\\/de\\\/geschichten-von-fruher\\\/broeder\\\/#primaryimage\",\"url\":\"https:\\\/\\\/oudheidkamertexel.nl\\\/wp-content\\\/uploads\\\/2024\\\/07\\\/broeder-scaled.jpg\",\"contentUrl\":\"https:\\\/\\\/oudheidkamertexel.nl\\\/wp-content\\\/uploads\\\/2024\\\/07\\\/broeder-scaled.jpg\",\"width\":2560,\"height\":1920,\"caption\":\"Een aardewerken bakvorm in de keuken van Oudheidkamer Texel\"},{\"@type\":\"BreadcrumbList\",\"@id\":\"https:\\\/\\\/oudheidkamertexel.nl\\\/de\\\/geschichten-von-fruher\\\/broeder\\\/#breadcrumb\",\"itemListElement\":[{\"@type\":\"ListItem\",\"position\":1,\"name\":\"Home\",\"item\":\"https:\\\/\\\/oudheidkamertexel.nl\\\/de\\\/\"},{\"@type\":\"ListItem\",\"position\":2,\"name\":\"Geschichten von fr\u00fcher\",\"item\":\"https:\\\/\\\/oudheidkamertexel.nl\\\/de\\\/geschichten-von-fruher\\\/\"},{\"@type\":\"ListItem\",\"position\":3,\"name\":\"Broeder\"}]},{\"@type\":\"WebSite\",\"@id\":\"https:\\\/\\\/oudheidkamertexel.nl\\\/de\\\/#website\",\"url\":\"https:\\\/\\\/oudheidkamertexel.nl\\\/de\\\/\",\"name\":\"Oudheidkamer Texel\",\"description\":\"\",\"potentialAction\":[{\"@type\":\"SearchAction\",\"target\":{\"@type\":\"EntryPoint\",\"urlTemplate\":\"https:\\\/\\\/oudheidkamertexel.nl\\\/de\\\/?s={search_term_string}\"},\"query-input\":{\"@type\":\"PropertyValueSpecification\",\"valueRequired\":true,\"valueName\":\"search_term_string\"}}],\"inLanguage\":\"de-DE\"}]}<\/script>\n<!-- \/ Yoast SEO plugin. -->","yoast_head_json":{"title":"Broeder - Oudheidkamer Texel","description":"Ein altmodisches leckeres Rezept","robots":{"index":"index","follow":"follow","max-snippet":"max-snippet:-1","max-image-preview":"max-image-preview:large","max-video-preview":"max-video-preview:-1"},"canonical":"https:\/\/oudheidkamertexel.nl\/de\/geschichten-von-fruher\/broeder\/","og_locale":"de_DE","og_type":"article","og_title":"Broeder - Oudheidkamer Texel","og_description":"Ein altmodisches leckeres Rezept","og_url":"https:\/\/oudheidkamertexel.nl\/de\/geschichten-von-fruher\/broeder\/","og_site_name":"Oudheidkamer Texel","article_modified_time":"2025-04-28T14:36:12+00:00","og_image":[{"width":2560,"height":1920,"url":"https:\/\/oudheidkamertexel.nl\/wp-content\/uploads\/2024\/07\/broeder-scaled.jpg","type":"image\/jpeg"}],"twitter_card":"summary_large_image","twitter_misc":{"Est. reading time":"1 minute"},"schema":{"@context":"https:\/\/schema.org","@graph":[{"@type":"WebPage","@id":"https:\/\/oudheidkamertexel.nl\/de\/geschichten-von-fruher\/broeder\/","url":"https:\/\/oudheidkamertexel.nl\/de\/geschichten-von-fruher\/broeder\/","name":"Broeder - Oudheidkamer Texel","isPartOf":{"@id":"https:\/\/oudheidkamertexel.nl\/de\/#website"},"primaryImageOfPage":{"@id":"https:\/\/oudheidkamertexel.nl\/de\/geschichten-von-fruher\/broeder\/#primaryimage"},"image":{"@id":"https:\/\/oudheidkamertexel.nl\/de\/geschichten-von-fruher\/broeder\/#primaryimage"},"thumbnailUrl":"https:\/\/oudheidkamertexel.nl\/wp-content\/uploads\/2024\/07\/broeder-scaled.jpg","datePublished":"2024-06-25T13:25:12+00:00","dateModified":"2025-04-28T14:36:12+00:00","breadcrumb":{"@id":"https:\/\/oudheidkamertexel.nl\/de\/geschichten-von-fruher\/broeder\/#breadcrumb"},"inLanguage":"de-DE","potentialAction":[{"@type":"ReadAction","target":["https:\/\/oudheidkamertexel.nl\/de\/geschichten-von-fruher\/broeder\/"]}]},{"@type":"ImageObject","inLanguage":"de-DE","@id":"https:\/\/oudheidkamertexel.nl\/de\/geschichten-von-fruher\/broeder\/#primaryimage","url":"https:\/\/oudheidkamertexel.nl\/wp-content\/uploads\/2024\/07\/broeder-scaled.jpg","contentUrl":"https:\/\/oudheidkamertexel.nl\/wp-content\/uploads\/2024\/07\/broeder-scaled.jpg","width":2560,"height":1920,"caption":"Een aardewerken bakvorm in de keuken van Oudheidkamer Texel"},{"@type":"BreadcrumbList","@id":"https:\/\/oudheidkamertexel.nl\/de\/geschichten-von-fruher\/broeder\/#breadcrumb","itemListElement":[{"@type":"ListItem","position":1,"name":"Home","item":"https:\/\/oudheidkamertexel.nl\/de\/"},{"@type":"ListItem","position":2,"name":"Geschichten von fr\u00fcher","item":"https:\/\/oudheidkamertexel.nl\/de\/geschichten-von-fruher\/"},{"@type":"ListItem","position":3,"name":"Broeder"}]},{"@type":"WebSite","@id":"https:\/\/oudheidkamertexel.nl\/de\/#website","url":"https:\/\/oudheidkamertexel.nl\/de\/","name":"Oudheidkamer Texel","description":"","potentialAction":[{"@type":"SearchAction","target":{"@type":"EntryPoint","urlTemplate":"https:\/\/oudheidkamertexel.nl\/de\/?s={search_term_string}"},"query-input":{"@type":"PropertyValueSpecification","valueRequired":true,"valueName":"search_term_string"}}],"inLanguage":"de-DE"}]}},"_links":{"self":[{"href":"https:\/\/oudheidkamertexel.nl\/de\/wp-json\/wp\/v2\/pages\/2303","targetHints":{"allow":["GET"]}}],"collection":[{"href":"https:\/\/oudheidkamertexel.nl\/de\/wp-json\/wp\/v2\/pages"}],"about":[{"href":"https:\/\/oudheidkamertexel.nl\/de\/wp-json\/wp\/v2\/types\/page"}],"author":[{"embeddable":true,"href":"https:\/\/oudheidkamertexel.nl\/de\/wp-json\/wp\/v2\/users\/2"}],"replies":[{"embeddable":true,"href":"https:\/\/oudheidkamertexel.nl\/de\/wp-json\/wp\/v2\/comments?post=2303"}],"version-history":[{"count":2,"href":"https:\/\/oudheidkamertexel.nl\/de\/wp-json\/wp\/v2\/pages\/2303\/revisions"}],"predecessor-version":[{"id":2306,"href":"https:\/\/oudheidkamertexel.nl\/de\/wp-json\/wp\/v2\/pages\/2303\/revisions\/2306"}],"up":[{"embeddable":true,"href":"https:\/\/oudheidkamertexel.nl\/de\/wp-json\/wp\/v2\/pages\/2294"}],"wp:featuredmedia":[{"embeddable":true,"href":"https:\/\/oudheidkamertexel.nl\/de\/wp-json\/wp\/v2\/media\/1644"}],"wp:attachment":[{"href":"https:\/\/oudheidkamertexel.nl\/de\/wp-json\/wp\/v2\/media?parent=2303"}],"curies":[{"name":"wp","href":"https:\/\/api.w.org\/{rel}","templated":true}]}}