{"id":2268,"date":"2024-06-25T14:30:30","date_gmt":"2024-06-25T12:30:30","guid":{"rendered":"https:\/\/oudheidkamertexel.nl\/was-ist-hier-zu-tun\/speurtocht\/"},"modified":"2025-04-25T16:13:14","modified_gmt":"2025-04-25T14:13:14","slug":"schnitzeljagd","status":"publish","type":"page","link":"https:\/\/oudheidkamertexel.nl\/de\/was-ist-hier-zu-tun\/schnitzeljagd\/","title":{"rendered":"Schnitzeljagd"},"content":{"rendered":"<section class=\"wp-block  alignfull block-room  circle-shapes\" id=\"block-room-block_da1cfa99e2431bfd79e9dbea7b586843\">\n            <div class=\"row align-center\">\n            <div class=\"column small-12 large-8\">\n                <div class=\"text-center special-text\">\n                                            <span>Suche die Tiere<\/span>\n                                                                <h2>Schnitzeljagd<\/h2>\n                                        <p>Sie kommen mit Kindern in die Oudheidkamer? Dann sollten Sie nach der Schnitzeljagd fragen. Mit dem Blatt \u201aSuche die Tiere\u2019 k\u00f6nnen die Kinder das Museum nach Bildern und Figuren von Tiergestalten absuchen. An den \u00fcberraschendsten Stellen ist eine Kuh, ein Pferd oder ein Hund abgebildet! Die Schnitzeljagd macht nicht nur Spa\u00df, sie l\u00e4sst die Kinder auch aufmerksamer werden. Wir sind gespannt, was Ihr Kind am auff\u00e4lligsten, interessantesten oder sonderbarsten daran findet, wie die Menschen fr\u00fcher gelebt haben!<\/p>\n                <\/div>\n            <\/div>\n        <\/div>\n    \n    <div class=\"row expanded small-up-1 large-up-3 \">\n            <\/div>\n<\/section>\n\n<section class=\"wp-block alignfull more-items\" id=\"more-items-block_e53380007ae46af43166e68eb814d344\">\n\t<div class=\"row text-center align-center pb-s\">\n\t\t<div class=\"column small-12 large-6\">\n\t\t\t<h2>Mehr wissen?<\/h2>\t\t\t\t\t<\/div> \n\t<\/div>\n\t<div class=\"row small-up-1 medium-up-2 large-up-3 flex-grow\">\n\t\t\t\t\t<div class=\"column\">\n\t\t\t\t<a href=\"https:\/\/oudheidkamertexel.nl\/de\/was-ist-hier-zu-tun\/\" class=\"card grow card--white\">\n\t\t\t\t\t<img class=\"card__image lazyload aspect-ratio-6-4\" data-src=\"https:\/\/oudheidkamertexel.nl\/wp-content\/uploads\/2026\/04\/Website-headers--600x400.png\" alt=\"\" \/>\n\t\t\t\t\t<div class=\"card__content grow\">\n\t\t\t\t\t\t<h3 class=\"h4 card__title\">Was ist hier zu tun?<\/h3>\n\t\t\t\t\t\t<div class=\"card__text text-grow\">\n\t\t\t\t\t\t\t<p>Aktivit\u00e4ten im Museum<\/p>\n\t\t\t\t\t\t<\/div>\n\t\t\t\t\t\t<button class=\"button card__button\"><\/button>\n\t\t\t\t\t<\/div>\n\t\t\t\t<\/a>\n\t\t\t<\/div>\n\t\t\t\t\t<div class=\"column\">\n\t\t\t\t<a href=\"https:\/\/oudheidkamertexel.nl\/de\/was-gibt-es-dort-zu-sehen\/\" class=\"card grow card--white\">\n\t\t\t\t\t<img class=\"card__image lazyload aspect-ratio-6-4\" data-src=\"https:\/\/oudheidkamertexel.nl\/wp-content\/uploads\/2024\/07\/header-jongens-carrousel-11-600x400.jpg\" alt=\"Twee jongens kijken naar het speelgoed van de generatie van hun oma in de tentoonstelling Spelen met het Verleden\" \/>\n\t\t\t\t\t<div class=\"card__content grow\">\n\t\t\t\t\t\t<h3 class=\"h4 card__title\">Was gibt es dort zu sehen?<\/h3>\n\t\t\t\t\t\t<div class=\"card__text text-grow\">\n\t\t\t\t\t\t\t<p>Ein Haus, in dem die Zeit stehen geblieben ist<\/p>\n\t\t\t\t\t\t<\/div>\n\t\t\t\t\t\t<button class=\"button card__button\"><\/button>\n\t\t\t\t\t<\/div>\n\t\t\t\t<\/a>\n\t\t\t<\/div>\n\t\t\t\t\t<div class=\"column\">\n\t\t\t\t<a href=\"https:\/\/oudheidkamertexel.nl\/de\/karten-information\/\" class=\"card grow card--white\">\n\t\t\t\t\t<img class=\"card__image lazyload aspect-ratio-6-4\" data-src=\"https:\/\/oudheidkamertexel.nl\/wp-content\/uploads\/2024\/07\/Header-over-ons--600x400.jpg\" alt=\"Detail van de deurkalf boven de entree van de Oudheidkamer\" \/>\n\t\t\t\t\t<div class=\"card__content grow\">\n\t\t\t\t\t\t<h3 class=\"h4 card__title\">Karten &amp; Information<\/h3>\n\t\t\t\t\t\t<div class=\"card__text text-grow\">\n\t\t\t\t\t\t\t<p>Karten, Information und Barrierefreiheit<\/p>\n\t\t\t\t\t\t<\/div>\n\t\t\t\t\t\t<button class=\"button card__button\"><\/button>\n\t\t\t\t\t<\/div>\n\t\t\t\t<\/a>\n\t\t\t<\/div>\n\t\t\t<\/div>\n<\/section>\n","protected":false},"excerpt":{"rendered":"<p>Suche die Tiere im Museum.<\/p>\n","protected":false},"author":2,"featured_media":1609,"parent":2248,"menu_order":56,"comment_status":"closed","ping_status":"closed","template":"page-templates\/small-header-text.php","meta":{"_acf_changed":false,"footnotes":""},"class_list":["post-2268","page","type-page","status-publish","has-post-thumbnail","hentry"],"acf":[],"yoast_head":"<!-- This site is optimized with the Yoast SEO plugin v27.5 - https:\/\/yoast.com\/product\/yoast-seo-wordpress\/ -->\n<title>Schnitzeljagd - Oudheidkamer Texel<\/title>\n<meta name=\"description\" content=\"Suche die Tiere im Museum.\" \/>\n<meta name=\"robots\" content=\"index, follow, max-snippet:-1, max-image-preview:large, max-video-preview:-1\" \/>\n<link rel=\"canonical\" href=\"https:\/\/oudheidkamertexel.nl\/de\/was-ist-hier-zu-tun\/schnitzeljagd\/\" \/>\n<meta property=\"og:locale\" content=\"de_DE\" \/>\n<meta property=\"og:type\" content=\"article\" \/>\n<meta property=\"og:title\" content=\"Schnitzeljagd - Oudheidkamer Texel\" \/>\n<meta property=\"og:description\" content=\"Suche die Tiere im Museum.\" \/>\n<meta property=\"og:url\" content=\"https:\/\/oudheidkamertexel.nl\/de\/was-ist-hier-zu-tun\/schnitzeljagd\/\" \/>\n<meta property=\"og:site_name\" content=\"Oudheidkamer Texel\" \/>\n<meta property=\"article:modified_time\" content=\"2025-04-25T14:13:14+00:00\" \/>\n<meta property=\"og:image\" content=\"https:\/\/oudheidkamertexel.nl\/wp-content\/uploads\/2024\/07\/header-kijken-in-kast-05.jpg\" \/>\n\t<meta property=\"og:image:width\" content=\"2000\" \/>\n\t<meta property=\"og:image:height\" content=\"500\" \/>\n\t<meta property=\"og:image:type\" content=\"image\/jpeg\" \/>\n<meta name=\"twitter:card\" content=\"summary_large_image\" \/>\n<meta name=\"twitter:label1\" content=\"Est. reading time\" \/>\n\t<meta name=\"twitter:data1\" content=\"1 minute\" \/>\n<script type=\"application\/ld+json\" class=\"yoast-schema-graph\">{\"@context\":\"https:\\\/\\\/schema.org\",\"@graph\":[{\"@type\":\"WebPage\",\"@id\":\"https:\\\/\\\/oudheidkamertexel.nl\\\/de\\\/was-ist-hier-zu-tun\\\/schnitzeljagd\\\/\",\"url\":\"https:\\\/\\\/oudheidkamertexel.nl\\\/de\\\/was-ist-hier-zu-tun\\\/schnitzeljagd\\\/\",\"name\":\"Schnitzeljagd - Oudheidkamer Texel\",\"isPartOf\":{\"@id\":\"https:\\\/\\\/oudheidkamertexel.nl\\\/de\\\/#website\"},\"primaryImageOfPage\":{\"@id\":\"https:\\\/\\\/oudheidkamertexel.nl\\\/de\\\/was-ist-hier-zu-tun\\\/schnitzeljagd\\\/#primaryimage\"},\"image\":{\"@id\":\"https:\\\/\\\/oudheidkamertexel.nl\\\/de\\\/was-ist-hier-zu-tun\\\/schnitzeljagd\\\/#primaryimage\"},\"thumbnailUrl\":\"https:\\\/\\\/oudheidkamertexel.nl\\\/wp-content\\\/uploads\\\/2024\\\/07\\\/header-kijken-in-kast-05.jpg\",\"datePublished\":\"2024-06-25T12:30:30+00:00\",\"dateModified\":\"2025-04-25T14:13:14+00:00\",\"breadcrumb\":{\"@id\":\"https:\\\/\\\/oudheidkamertexel.nl\\\/de\\\/was-ist-hier-zu-tun\\\/schnitzeljagd\\\/#breadcrumb\"},\"inLanguage\":\"de-DE\",\"potentialAction\":[{\"@type\":\"ReadAction\",\"target\":[\"https:\\\/\\\/oudheidkamertexel.nl\\\/de\\\/was-ist-hier-zu-tun\\\/schnitzeljagd\\\/\"]}]},{\"@type\":\"ImageObject\",\"inLanguage\":\"de-DE\",\"@id\":\"https:\\\/\\\/oudheidkamertexel.nl\\\/de\\\/was-ist-hier-zu-tun\\\/schnitzeljagd\\\/#primaryimage\",\"url\":\"https:\\\/\\\/oudheidkamertexel.nl\\\/wp-content\\\/uploads\\\/2024\\\/07\\\/header-kijken-in-kast-05.jpg\",\"contentUrl\":\"https:\\\/\\\/oudheidkamertexel.nl\\\/wp-content\\\/uploads\\\/2024\\\/07\\\/header-kijken-in-kast-05.jpg\",\"width\":2000,\"height\":500,\"caption\":\"Twee jongens kijken naar een vitrine met speelgoed in de tentoonstelling spelen met het Verleden in de Oudheidkamer\"},{\"@type\":\"BreadcrumbList\",\"@id\":\"https:\\\/\\\/oudheidkamertexel.nl\\\/de\\\/was-ist-hier-zu-tun\\\/schnitzeljagd\\\/#breadcrumb\",\"itemListElement\":[{\"@type\":\"ListItem\",\"position\":1,\"name\":\"Home\",\"item\":\"https:\\\/\\\/oudheidkamertexel.nl\\\/de\\\/\"},{\"@type\":\"ListItem\",\"position\":2,\"name\":\"Was ist hier zu tun?\",\"item\":\"https:\\\/\\\/oudheidkamertexel.nl\\\/de\\\/was-ist-hier-zu-tun\\\/\"},{\"@type\":\"ListItem\",\"position\":3,\"name\":\"Schnitzeljagd\"}]},{\"@type\":\"WebSite\",\"@id\":\"https:\\\/\\\/oudheidkamertexel.nl\\\/de\\\/#website\",\"url\":\"https:\\\/\\\/oudheidkamertexel.nl\\\/de\\\/\",\"name\":\"Oudheidkamer Texel\",\"description\":\"\",\"potentialAction\":[{\"@type\":\"SearchAction\",\"target\":{\"@type\":\"EntryPoint\",\"urlTemplate\":\"https:\\\/\\\/oudheidkamertexel.nl\\\/de\\\/?s={search_term_string}\"},\"query-input\":{\"@type\":\"PropertyValueSpecification\",\"valueRequired\":true,\"valueName\":\"search_term_string\"}}],\"inLanguage\":\"de-DE\"}]}<\/script>\n<!-- \/ Yoast SEO plugin. -->","yoast_head_json":{"title":"Schnitzeljagd - Oudheidkamer Texel","description":"Suche die Tiere im Museum.","robots":{"index":"index","follow":"follow","max-snippet":"max-snippet:-1","max-image-preview":"max-image-preview:large","max-video-preview":"max-video-preview:-1"},"canonical":"https:\/\/oudheidkamertexel.nl\/de\/was-ist-hier-zu-tun\/schnitzeljagd\/","og_locale":"de_DE","og_type":"article","og_title":"Schnitzeljagd - Oudheidkamer Texel","og_description":"Suche die Tiere im Museum.","og_url":"https:\/\/oudheidkamertexel.nl\/de\/was-ist-hier-zu-tun\/schnitzeljagd\/","og_site_name":"Oudheidkamer Texel","article_modified_time":"2025-04-25T14:13:14+00:00","og_image":[{"width":2000,"height":500,"url":"https:\/\/oudheidkamertexel.nl\/wp-content\/uploads\/2024\/07\/header-kijken-in-kast-05.jpg","type":"image\/jpeg"}],"twitter_card":"summary_large_image","twitter_misc":{"Est. reading time":"1 minute"},"schema":{"@context":"https:\/\/schema.org","@graph":[{"@type":"WebPage","@id":"https:\/\/oudheidkamertexel.nl\/de\/was-ist-hier-zu-tun\/schnitzeljagd\/","url":"https:\/\/oudheidkamertexel.nl\/de\/was-ist-hier-zu-tun\/schnitzeljagd\/","name":"Schnitzeljagd - Oudheidkamer Texel","isPartOf":{"@id":"https:\/\/oudheidkamertexel.nl\/de\/#website"},"primaryImageOfPage":{"@id":"https:\/\/oudheidkamertexel.nl\/de\/was-ist-hier-zu-tun\/schnitzeljagd\/#primaryimage"},"image":{"@id":"https:\/\/oudheidkamertexel.nl\/de\/was-ist-hier-zu-tun\/schnitzeljagd\/#primaryimage"},"thumbnailUrl":"https:\/\/oudheidkamertexel.nl\/wp-content\/uploads\/2024\/07\/header-kijken-in-kast-05.jpg","datePublished":"2024-06-25T12:30:30+00:00","dateModified":"2025-04-25T14:13:14+00:00","breadcrumb":{"@id":"https:\/\/oudheidkamertexel.nl\/de\/was-ist-hier-zu-tun\/schnitzeljagd\/#breadcrumb"},"inLanguage":"de-DE","potentialAction":[{"@type":"ReadAction","target":["https:\/\/oudheidkamertexel.nl\/de\/was-ist-hier-zu-tun\/schnitzeljagd\/"]}]},{"@type":"ImageObject","inLanguage":"de-DE","@id":"https:\/\/oudheidkamertexel.nl\/de\/was-ist-hier-zu-tun\/schnitzeljagd\/#primaryimage","url":"https:\/\/oudheidkamertexel.nl\/wp-content\/uploads\/2024\/07\/header-kijken-in-kast-05.jpg","contentUrl":"https:\/\/oudheidkamertexel.nl\/wp-content\/uploads\/2024\/07\/header-kijken-in-kast-05.jpg","width":2000,"height":500,"caption":"Twee jongens kijken naar een vitrine met speelgoed in de tentoonstelling spelen met het Verleden in de Oudheidkamer"},{"@type":"BreadcrumbList","@id":"https:\/\/oudheidkamertexel.nl\/de\/was-ist-hier-zu-tun\/schnitzeljagd\/#breadcrumb","itemListElement":[{"@type":"ListItem","position":1,"name":"Home","item":"https:\/\/oudheidkamertexel.nl\/de\/"},{"@type":"ListItem","position":2,"name":"Was ist hier zu tun?","item":"https:\/\/oudheidkamertexel.nl\/de\/was-ist-hier-zu-tun\/"},{"@type":"ListItem","position":3,"name":"Schnitzeljagd"}]},{"@type":"WebSite","@id":"https:\/\/oudheidkamertexel.nl\/de\/#website","url":"https:\/\/oudheidkamertexel.nl\/de\/","name":"Oudheidkamer Texel","description":"","potentialAction":[{"@type":"SearchAction","target":{"@type":"EntryPoint","urlTemplate":"https:\/\/oudheidkamertexel.nl\/de\/?s={search_term_string}"},"query-input":{"@type":"PropertyValueSpecification","valueRequired":true,"valueName":"search_term_string"}}],"inLanguage":"de-DE"}]}},"_links":{"self":[{"href":"https:\/\/oudheidkamertexel.nl\/de\/wp-json\/wp\/v2\/pages\/2268","targetHints":{"allow":["GET"]}}],"collection":[{"href":"https:\/\/oudheidkamertexel.nl\/de\/wp-json\/wp\/v2\/pages"}],"about":[{"href":"https:\/\/oudheidkamertexel.nl\/de\/wp-json\/wp\/v2\/types\/page"}],"author":[{"embeddable":true,"href":"https:\/\/oudheidkamertexel.nl\/de\/wp-json\/wp\/v2\/users\/2"}],"replies":[{"embeddable":true,"href":"https:\/\/oudheidkamertexel.nl\/de\/wp-json\/wp\/v2\/comments?post=2268"}],"version-history":[{"count":3,"href":"https:\/\/oudheidkamertexel.nl\/de\/wp-json\/wp\/v2\/pages\/2268\/revisions"}],"predecessor-version":[{"id":2277,"href":"https:\/\/oudheidkamertexel.nl\/de\/wp-json\/wp\/v2\/pages\/2268\/revisions\/2277"}],"up":[{"embeddable":true,"href":"https:\/\/oudheidkamertexel.nl\/de\/wp-json\/wp\/v2\/pages\/2248"}],"wp:featuredmedia":[{"embeddable":true,"href":"https:\/\/oudheidkamertexel.nl\/de\/wp-json\/wp\/v2\/media\/1609"}],"wp:attachment":[{"href":"https:\/\/oudheidkamertexel.nl\/de\/wp-json\/wp\/v2\/media?parent=2268"}],"curies":[{"name":"wp","href":"https:\/\/api.w.org\/{rel}","templated":true}]}}