{"id":2248,"date":"2024-05-27T15:47:48","date_gmt":"2024-05-27T13:47:48","guid":{"rendered":"https:\/\/oudheidkamertexel.nl\/wat-is-er-te-doen\/"},"modified":"2025-04-28T17:03:45","modified_gmt":"2025-04-28T15:03:45","slug":"was-ist-hier-zu-tun","status":"publish","type":"page","link":"https:\/\/oudheidkamertexel.nl\/de\/was-ist-hier-zu-tun\/","title":{"rendered":"Was ist hier zu tun?"},"content":{"rendered":"<section class=\"wp-block  alignfull block-room  circle-shapes\" id=\"block-room-block_65dd6fd95d2c88dcab684974110f3cc7\">\n            <div class=\"row align-center\">\n            <div class=\"column small-12 large-8\">\n                <div class=\"text-center special-text\">\n                                            <span>Was ist hier zu tun?<\/span>\n                                                                <h2>Aktivit\u00e4ten im Museum<\/h2>\n                                        <p>Verschiedene Aktivit\u00e4ten machen den Besuch der Oudheidkamer besonders interessant. F\u00fcr Kinder gibt es eine niedrigschwellige Tier-Schnitzeljagd. Wie viele Abbildungen von Tieren k\u00f6nnen gefunden werden! Nach Vereinbarung f\u00fchrt ein ehrenamtlicher Museumsmitarbeiter durch das Museum. Spezielle Aktivit\u00e4ten wie Workshops finden Sie im Kalender.<\/p>\n                <\/div>\n            <\/div>\n        <\/div>\n    \n    <div class=\"row expanded small-up-1 large-up-3 \">\n                                    <a href=\"https:\/\/oudheidkamertexel.nl\/de\/was-ist-hier-zu-tun\/agenda\/\" class=\"column no-padding\">\n                            <div class=\"room-holder\">\n                                            <img decoding=\"async\" class=\"lazyload\" src=\"https:\/\/oudheidkamertexel.nl\/wp-content\/uploads\/2024\/07\/overzichtsfoto-opkamer-stel_09-kleiner-1.jpg\" alt=\"Een jong stel kijkt naar de muziekdoos in de opkamer van Oudheidkamer Texel\" \/>\n                                        <div class=\"room-content\">\n                                                    <h3>Agenda<\/h3>\n                                                <div class=\"extra-room-content\">\n                                                                                                                            <div class=\"button is-style-primary\">Die Daten ansehen<\/div>\n                                                                                    <\/div>\n                    <\/div>\n                <\/div>\n                                    <\/a>\n                                                    <a href=\"https:\/\/oudheidkamertexel.nl\/de\/was-ist-hier-zu-tun\/fuhrungen\/\" class=\"column no-padding\">\n                            <div class=\"room-holder\">\n                                            <img decoding=\"async\" class=\"lazyload\" src=\"https:\/\/oudheidkamertexel.nl\/wp-content\/uploads\/2024\/07\/overzichtsfoto-achterkamer-Lisa-20.jpg\" alt=\"Een oma kijkt met haar kleinkind naar de gedekte tafel in de Achterkamer van de Oudheidkamer.\" \/>\n                                        <div class=\"room-content\">\n                                                    <h3>F\u00fchrungen<\/h3>\n                                                <div class=\"extra-room-content\">\n                                                                                                                            <div class=\"button is-style-primary\">Vorab regeln<\/div>\n                                                                                    <\/div>\n                    <\/div>\n                <\/div>\n                                    <\/a>\n                                                    <a href=\"https:\/\/oudheidkamertexel.nl\/de\/was-ist-hier-zu-tun\/schnitzeljagd\/\" class=\"column no-padding\">\n                            <div class=\"room-holder\">\n                                            <img decoding=\"async\" class=\"lazyload\" src=\"https:\/\/oudheidkamertexel.nl\/wp-content\/uploads\/2024\/07\/full-blokkenpuzzel-17-490x725.jpg\" alt=\"Drie kinderen spelen met een grote blokkenpuzzel in de tentoonstelling Spelen met het Verleden in de Oudheidkamer\" \/>\n                                        <div class=\"room-content\">\n                                                    <h3>Schnitzeljagd<\/h3>\n                                                <div class=\"extra-room-content\">\n                                                                                                                            <div class=\"button is-style-primary\">Suche die Tiere<\/div>\n                                                                                    <\/div>\n                    <\/div>\n                <\/div>\n                                    <\/a>\n                            <\/div>\n<\/section>","protected":false},"excerpt":{"rendered":"<p>Aktivit\u00e4ten im Museum<\/p>\n","protected":false},"author":1,"featured_media":3006,"parent":0,"menu_order":44,"comment_status":"closed","ping_status":"closed","template":"","meta":{"_acf_changed":false,"footnotes":""},"class_list":["post-2248","page","type-page","status-publish","has-post-thumbnail","hentry"],"acf":[],"yoast_head":"<!-- This site is optimized with the Yoast SEO plugin v27.5 - https:\/\/yoast.com\/product\/yoast-seo-wordpress\/ -->\n<title>Was ist hier zu tun? - Oudheidkamer Texel<\/title>\n<meta name=\"description\" content=\"Aktivit\u00e4ten im Museum\" \/>\n<meta name=\"robots\" content=\"index, follow, max-snippet:-1, max-image-preview:large, max-video-preview:-1\" \/>\n<link rel=\"canonical\" href=\"https:\/\/oudheidkamertexel.nl\/de\/was-ist-hier-zu-tun\/\" \/>\n<meta property=\"og:locale\" content=\"de_DE\" \/>\n<meta property=\"og:type\" content=\"article\" \/>\n<meta property=\"og:title\" content=\"Was ist hier zu tun? - Oudheidkamer Texel\" \/>\n<meta property=\"og:description\" content=\"Aktivit\u00e4ten im Museum\" \/>\n<meta property=\"og:url\" content=\"https:\/\/oudheidkamertexel.nl\/de\/was-ist-hier-zu-tun\/\" \/>\n<meta property=\"og:site_name\" content=\"Oudheidkamer Texel\" \/>\n<meta property=\"article:modified_time\" content=\"2025-04-28T15:03:45+00:00\" \/>\n<meta property=\"og:image\" content=\"https:\/\/oudheidkamertexel.nl\/wp-content\/uploads\/2024\/07\/header-poppenkast-16.jpg\" \/>\n\t<meta property=\"og:image:width\" content=\"2000\" \/>\n\t<meta property=\"og:image:height\" content=\"500\" \/>\n\t<meta property=\"og:image:type\" content=\"image\/jpeg\" \/>\n<meta name=\"twitter:card\" content=\"summary_large_image\" \/>\n<meta name=\"twitter:label1\" content=\"Est. reading time\" \/>\n\t<meta name=\"twitter:data1\" content=\"1 minute\" \/>\n<script type=\"application\/ld+json\" class=\"yoast-schema-graph\">{\"@context\":\"https:\\\/\\\/schema.org\",\"@graph\":[{\"@type\":\"WebPage\",\"@id\":\"https:\\\/\\\/oudheidkamertexel.nl\\\/de\\\/was-ist-hier-zu-tun\\\/\",\"url\":\"https:\\\/\\\/oudheidkamertexel.nl\\\/de\\\/was-ist-hier-zu-tun\\\/\",\"name\":\"Was ist hier zu tun? - Oudheidkamer Texel\",\"isPartOf\":{\"@id\":\"https:\\\/\\\/oudheidkamertexel.nl\\\/de\\\/#website\"},\"primaryImageOfPage\":{\"@id\":\"https:\\\/\\\/oudheidkamertexel.nl\\\/de\\\/was-ist-hier-zu-tun\\\/#primaryimage\"},\"image\":{\"@id\":\"https:\\\/\\\/oudheidkamertexel.nl\\\/de\\\/was-ist-hier-zu-tun\\\/#primaryimage\"},\"thumbnailUrl\":\"https:\\\/\\\/oudheidkamertexel.nl\\\/wp-content\\\/uploads\\\/2026\\\/04\\\/Website-headers-.png\",\"datePublished\":\"2024-05-27T13:47:48+00:00\",\"dateModified\":\"2025-04-28T15:03:45+00:00\",\"breadcrumb\":{\"@id\":\"https:\\\/\\\/oudheidkamertexel.nl\\\/de\\\/was-ist-hier-zu-tun\\\/#breadcrumb\"},\"inLanguage\":\"de-DE\",\"potentialAction\":[{\"@type\":\"ReadAction\",\"target\":[\"https:\\\/\\\/oudheidkamertexel.nl\\\/de\\\/was-ist-hier-zu-tun\\\/\"]}]},{\"@type\":\"ImageObject\",\"inLanguage\":\"de-DE\",\"@id\":\"https:\\\/\\\/oudheidkamertexel.nl\\\/de\\\/was-ist-hier-zu-tun\\\/#primaryimage\",\"url\":\"https:\\\/\\\/oudheidkamertexel.nl\\\/wp-content\\\/uploads\\\/2026\\\/04\\\/Website-headers-.png\",\"contentUrl\":\"https:\\\/\\\/oudheidkamertexel.nl\\\/wp-content\\\/uploads\\\/2026\\\/04\\\/Website-headers-.png\",\"width\":1920,\"height\":480},{\"@type\":\"BreadcrumbList\",\"@id\":\"https:\\\/\\\/oudheidkamertexel.nl\\\/de\\\/was-ist-hier-zu-tun\\\/#breadcrumb\",\"itemListElement\":[{\"@type\":\"ListItem\",\"position\":1,\"name\":\"Home\",\"item\":\"https:\\\/\\\/oudheidkamertexel.nl\\\/de\\\/\"},{\"@type\":\"ListItem\",\"position\":2,\"name\":\"Was ist hier zu tun?\"}]},{\"@type\":\"WebSite\",\"@id\":\"https:\\\/\\\/oudheidkamertexel.nl\\\/de\\\/#website\",\"url\":\"https:\\\/\\\/oudheidkamertexel.nl\\\/de\\\/\",\"name\":\"Oudheidkamer Texel\",\"description\":\"\",\"potentialAction\":[{\"@type\":\"SearchAction\",\"target\":{\"@type\":\"EntryPoint\",\"urlTemplate\":\"https:\\\/\\\/oudheidkamertexel.nl\\\/de\\\/?s={search_term_string}\"},\"query-input\":{\"@type\":\"PropertyValueSpecification\",\"valueRequired\":true,\"valueName\":\"search_term_string\"}}],\"inLanguage\":\"de-DE\"}]}<\/script>\n<!-- \/ Yoast SEO plugin. -->","yoast_head_json":{"title":"Was ist hier zu tun? - Oudheidkamer Texel","description":"Aktivit\u00e4ten im Museum","robots":{"index":"index","follow":"follow","max-snippet":"max-snippet:-1","max-image-preview":"max-image-preview:large","max-video-preview":"max-video-preview:-1"},"canonical":"https:\/\/oudheidkamertexel.nl\/de\/was-ist-hier-zu-tun\/","og_locale":"de_DE","og_type":"article","og_title":"Was ist hier zu tun? - Oudheidkamer Texel","og_description":"Aktivit\u00e4ten im Museum","og_url":"https:\/\/oudheidkamertexel.nl\/de\/was-ist-hier-zu-tun\/","og_site_name":"Oudheidkamer Texel","article_modified_time":"2025-04-28T15:03:45+00:00","og_image":[{"width":2000,"height":500,"url":"https:\/\/oudheidkamertexel.nl\/wp-content\/uploads\/2024\/07\/header-poppenkast-16.jpg","type":"image\/jpeg"}],"twitter_card":"summary_large_image","twitter_misc":{"Est. reading time":"1 minute"},"schema":{"@context":"https:\/\/schema.org","@graph":[{"@type":"WebPage","@id":"https:\/\/oudheidkamertexel.nl\/de\/was-ist-hier-zu-tun\/","url":"https:\/\/oudheidkamertexel.nl\/de\/was-ist-hier-zu-tun\/","name":"Was ist hier zu tun? - Oudheidkamer Texel","isPartOf":{"@id":"https:\/\/oudheidkamertexel.nl\/de\/#website"},"primaryImageOfPage":{"@id":"https:\/\/oudheidkamertexel.nl\/de\/was-ist-hier-zu-tun\/#primaryimage"},"image":{"@id":"https:\/\/oudheidkamertexel.nl\/de\/was-ist-hier-zu-tun\/#primaryimage"},"thumbnailUrl":"https:\/\/oudheidkamertexel.nl\/wp-content\/uploads\/2026\/04\/Website-headers-.png","datePublished":"2024-05-27T13:47:48+00:00","dateModified":"2025-04-28T15:03:45+00:00","breadcrumb":{"@id":"https:\/\/oudheidkamertexel.nl\/de\/was-ist-hier-zu-tun\/#breadcrumb"},"inLanguage":"de-DE","potentialAction":[{"@type":"ReadAction","target":["https:\/\/oudheidkamertexel.nl\/de\/was-ist-hier-zu-tun\/"]}]},{"@type":"ImageObject","inLanguage":"de-DE","@id":"https:\/\/oudheidkamertexel.nl\/de\/was-ist-hier-zu-tun\/#primaryimage","url":"https:\/\/oudheidkamertexel.nl\/wp-content\/uploads\/2026\/04\/Website-headers-.png","contentUrl":"https:\/\/oudheidkamertexel.nl\/wp-content\/uploads\/2026\/04\/Website-headers-.png","width":1920,"height":480},{"@type":"BreadcrumbList","@id":"https:\/\/oudheidkamertexel.nl\/de\/was-ist-hier-zu-tun\/#breadcrumb","itemListElement":[{"@type":"ListItem","position":1,"name":"Home","item":"https:\/\/oudheidkamertexel.nl\/de\/"},{"@type":"ListItem","position":2,"name":"Was ist hier zu tun?"}]},{"@type":"WebSite","@id":"https:\/\/oudheidkamertexel.nl\/de\/#website","url":"https:\/\/oudheidkamertexel.nl\/de\/","name":"Oudheidkamer Texel","description":"","potentialAction":[{"@type":"SearchAction","target":{"@type":"EntryPoint","urlTemplate":"https:\/\/oudheidkamertexel.nl\/de\/?s={search_term_string}"},"query-input":{"@type":"PropertyValueSpecification","valueRequired":true,"valueName":"search_term_string"}}],"inLanguage":"de-DE"}]}},"_links":{"self":[{"href":"https:\/\/oudheidkamertexel.nl\/de\/wp-json\/wp\/v2\/pages\/2248","targetHints":{"allow":["GET"]}}],"collection":[{"href":"https:\/\/oudheidkamertexel.nl\/de\/wp-json\/wp\/v2\/pages"}],"about":[{"href":"https:\/\/oudheidkamertexel.nl\/de\/wp-json\/wp\/v2\/types\/page"}],"author":[{"embeddable":true,"href":"https:\/\/oudheidkamertexel.nl\/de\/wp-json\/wp\/v2\/users\/1"}],"replies":[{"embeddable":true,"href":"https:\/\/oudheidkamertexel.nl\/de\/wp-json\/wp\/v2\/comments?post=2248"}],"version-history":[{"count":6,"href":"https:\/\/oudheidkamertexel.nl\/de\/wp-json\/wp\/v2\/pages\/2248\/revisions"}],"predecessor-version":[{"id":2319,"href":"https:\/\/oudheidkamertexel.nl\/de\/wp-json\/wp\/v2\/pages\/2248\/revisions\/2319"}],"wp:featuredmedia":[{"embeddable":true,"href":"https:\/\/oudheidkamertexel.nl\/de\/wp-json\/wp\/v2\/media\/3006"}],"wp:attachment":[{"href":"https:\/\/oudheidkamertexel.nl\/de\/wp-json\/wp\/v2\/media?parent=2248"}],"curies":[{"name":"wp","href":"https:\/\/api.w.org\/{rel}","templated":true}]}}