{"id":1755,"date":"2024-05-30T13:18:01","date_gmt":"2024-05-30T11:18:01","guid":{"rendered":"https:\/\/oudheidkamertexel.nl\/wat-is-er-te-zien\/de-opkamer\/"},"modified":"2025-06-27T11:03:16","modified_gmt":"2025-06-27T09:03:16","slug":"das-oberzimmer","status":"publish","type":"page","link":"https:\/\/oudheidkamertexel.nl\/de\/was-gibt-es-dort-zu-sehen\/das-oberzimmer\/","title":{"rendered":"Das Oberzimmer"},"content":{"rendered":"<section class=\"wp-block  alignfull block-room  circle-shapes\" id=\"block-room-block_e31bc59ca076d1352270ff64f158fe87\">\n            <div class=\"row align-center\">\n            <div class=\"column small-12 large-8\">\n                <div class=\"text-center special-text\">\n                                            <span>Was gibt es dort zu sehen?<\/span>\n                                                                <h2>Das Oberzimmer<\/h2>\n                                        <p>Das Oberzimmer befindet sich auf der Stra\u00dfenseite des Hauses. Das Zimmer hei\u00dft so, weil es h\u00f6her liegt als die \u00fcbrigen Zimmer im Erdgeschoss. Unter dem Oberzimmer befindet sich n\u00e4mlich der Keller. \u00dcber ein paar Steinstufen gelangt man in das Oberzimmer.<\/p>\n                <\/div>\n            <\/div>\n        <\/div>\n    \n    <div class=\"row expanded small-up-1 large-up-3 \">\n            <\/div>\n<\/section>\n\n<section class=\"wp-block alignfull more-items\" id=\"more-items-block_e06fda661802d037ef47bda736468c4d\">\n\t<div class=\"row text-center align-center pb-s\">\n\t\t<div class=\"column small-12 large-6\">\n\t\t\t<h2>Mehr wissen?<\/h2>\t\t\t\t\t<\/div> \n\t<\/div>\n\t<div class=\"row small-up-1 medium-up-2 large-up-3 flex-grow\">\n\t\t\t\t\t<div class=\"column\">\n\t\t\t\t<a href=\"https:\/\/oudheidkamertexel.nl\/de\/was-gibt-es-dort-zu-sehen\/\" class=\"card grow card--white\">\n\t\t\t\t\t<img class=\"card__image lazyload aspect-ratio-6-4\" data-src=\"https:\/\/oudheidkamertexel.nl\/wp-content\/uploads\/2024\/07\/header-jongens-carrousel-11-600x400.jpg\" alt=\"Twee jongens kijken naar het speelgoed van de generatie van hun oma in de tentoonstelling Spelen met het Verleden\" \/>\n\t\t\t\t\t<div class=\"card__content grow\">\n\t\t\t\t\t\t<h3 class=\"h4 card__title\">Was gibt es dort zu sehen?<\/h3>\n\t\t\t\t\t\t<div class=\"card__text text-grow\">\n\t\t\t\t\t\t\t<p>Ein Haus, in dem die Zeit stehen geblieben ist<\/p>\n\t\t\t\t\t\t<\/div>\n\t\t\t\t\t\t<button class=\"button card__button\"><\/button>\n\t\t\t\t\t<\/div>\n\t\t\t\t<\/a>\n\t\t\t<\/div>\n\t\t\t\t\t<div class=\"column\">\n\t\t\t\t<a href=\"https:\/\/oudheidkamertexel.nl\/de\/die-sammlung\/\" class=\"card grow card--white\">\n\t\t\t\t\t<img class=\"card__image lazyload aspect-ratio-6-4\" data-src=\"https:\/\/oudheidkamertexel.nl\/wp-content\/uploads\/2024\/07\/mb-oudheidkamer-26-600x400.jpg\" alt=\"De linnenkast in het Voorhuis van de Oudheidkamer met daarnaast enkele schilderijen.\" \/>\n\t\t\t\t\t<div class=\"card__content grow\">\n\t\t\t\t\t\t<h3 class=\"h4 card__title\">Die Sammlung<\/h3>\n\t\t\t\t\t\t<div class=\"card__text text-grow\">\n\t\t\t\t\t\t\t<p>Werfen Sie einen Blick auf die Sammlung der Oudheidkamer<\/p>\n\t\t\t\t\t\t<\/div>\n\t\t\t\t\t\t<button class=\"button card__button\"><\/button>\n\t\t\t\t\t<\/div>\n\t\t\t\t<\/a>\n\t\t\t<\/div>\n\t\t\t\t\t<div class=\"column\">\n\t\t\t\t<a href=\"https:\/\/oudheidkamertexel.nl\/de\/karten-information\/\" class=\"card grow card--white\">\n\t\t\t\t\t<img class=\"card__image lazyload aspect-ratio-6-4\" data-src=\"https:\/\/oudheidkamertexel.nl\/wp-content\/uploads\/2024\/07\/Header-over-ons--600x400.jpg\" alt=\"Detail van de deurkalf boven de entree van de Oudheidkamer\" \/>\n\t\t\t\t\t<div class=\"card__content grow\">\n\t\t\t\t\t\t<h3 class=\"h4 card__title\">Karten &amp; Information<\/h3>\n\t\t\t\t\t\t<div class=\"card__text text-grow\">\n\t\t\t\t\t\t\t<p>Karten, Information und Barrierefreiheit<\/p>\n\t\t\t\t\t\t<\/div>\n\t\t\t\t\t\t<button class=\"button card__button\"><\/button>\n\t\t\t\t\t<\/div>\n\t\t\t\t<\/a>\n\t\t\t<\/div>\n\t\t\t<\/div>\n<\/section>\n","protected":false},"excerpt":{"rendered":"<p>Das Zimmer mit den sch\u00f6nsten Gegenst\u00e4nden.<\/p>\n","protected":false},"author":1,"featured_media":1564,"parent":1746,"menu_order":72,"comment_status":"closed","ping_status":"closed","template":"page-templates\/interactive-header.php","meta":{"_acf_changed":false,"footnotes":""},"class_list":["post-1755","page","type-page","status-publish","has-post-thumbnail","hentry"],"acf":[],"yoast_head":"<!-- This site is optimized with the Yoast SEO plugin v27.5 - https:\/\/yoast.com\/product\/yoast-seo-wordpress\/ -->\n<title>Das Oberzimmer - Oudheidkamer Texel<\/title>\n<meta name=\"description\" content=\"Waaraan dankt de opkamer zijn naam? En wat was zijn functie? Ontdek het hier.\" \/>\n<meta name=\"robots\" content=\"index, follow, max-snippet:-1, max-image-preview:large, max-video-preview:-1\" \/>\n<link rel=\"canonical\" href=\"https:\/\/oudheidkamertexel.nl\/de\/was-gibt-es-dort-zu-sehen\/das-oberzimmer\/\" \/>\n<meta property=\"og:locale\" content=\"de_DE\" \/>\n<meta property=\"og:type\" content=\"article\" \/>\n<meta property=\"og:title\" content=\"Das Oberzimmer - Oudheidkamer Texel\" \/>\n<meta property=\"og:description\" content=\"Waaraan dankt de opkamer zijn naam? En wat was zijn functie? Ontdek het hier.\" \/>\n<meta property=\"og:url\" content=\"https:\/\/oudheidkamertexel.nl\/de\/was-gibt-es-dort-zu-sehen\/das-oberzimmer\/\" \/>\n<meta property=\"og:site_name\" content=\"Oudheidkamer Texel\" \/>\n<meta property=\"article:modified_time\" content=\"2025-06-27T09:03:16+00:00\" \/>\n<meta property=\"og:image\" content=\"https:\/\/oudheidkamertexel.nl\/wp-content\/uploads\/2024\/07\/full-image-opkamer-23.jpg\" \/>\n\t<meta property=\"og:image:width\" content=\"2000\" \/>\n\t<meta property=\"og:image:height\" content=\"1125\" \/>\n\t<meta property=\"og:image:type\" content=\"image\/jpeg\" \/>\n<meta name=\"twitter:card\" content=\"summary_large_image\" \/>\n<meta name=\"twitter:label1\" content=\"Est. reading time\" \/>\n\t<meta name=\"twitter:data1\" content=\"1 minute\" \/>\n<script type=\"application\/ld+json\" class=\"yoast-schema-graph\">{\"@context\":\"https:\\\/\\\/schema.org\",\"@graph\":[{\"@type\":\"WebPage\",\"@id\":\"https:\\\/\\\/oudheidkamertexel.nl\\\/de\\\/was-gibt-es-dort-zu-sehen\\\/das-oberzimmer\\\/\",\"url\":\"https:\\\/\\\/oudheidkamertexel.nl\\\/de\\\/was-gibt-es-dort-zu-sehen\\\/das-oberzimmer\\\/\",\"name\":\"Das Oberzimmer - Oudheidkamer Texel\",\"isPartOf\":{\"@id\":\"https:\\\/\\\/oudheidkamertexel.nl\\\/de\\\/#website\"},\"primaryImageOfPage\":{\"@id\":\"https:\\\/\\\/oudheidkamertexel.nl\\\/de\\\/was-gibt-es-dort-zu-sehen\\\/das-oberzimmer\\\/#primaryimage\"},\"image\":{\"@id\":\"https:\\\/\\\/oudheidkamertexel.nl\\\/de\\\/was-gibt-es-dort-zu-sehen\\\/das-oberzimmer\\\/#primaryimage\"},\"thumbnailUrl\":\"https:\\\/\\\/oudheidkamertexel.nl\\\/wp-content\\\/uploads\\\/2024\\\/07\\\/full-image-opkamer-23.jpg\",\"datePublished\":\"2024-05-30T11:18:01+00:00\",\"dateModified\":\"2025-06-27T09:03:16+00:00\",\"description\":\"Waaraan dankt de opkamer zijn naam? En wat was zijn functie? Ontdek het hier.\",\"breadcrumb\":{\"@id\":\"https:\\\/\\\/oudheidkamertexel.nl\\\/de\\\/was-gibt-es-dort-zu-sehen\\\/das-oberzimmer\\\/#breadcrumb\"},\"inLanguage\":\"de-DE\",\"potentialAction\":[{\"@type\":\"ReadAction\",\"target\":[\"https:\\\/\\\/oudheidkamertexel.nl\\\/de\\\/was-gibt-es-dort-zu-sehen\\\/das-oberzimmer\\\/\"]}]},{\"@type\":\"ImageObject\",\"inLanguage\":\"de-DE\",\"@id\":\"https:\\\/\\\/oudheidkamertexel.nl\\\/de\\\/was-gibt-es-dort-zu-sehen\\\/das-oberzimmer\\\/#primaryimage\",\"url\":\"https:\\\/\\\/oudheidkamertexel.nl\\\/wp-content\\\/uploads\\\/2024\\\/07\\\/full-image-opkamer-23.jpg\",\"contentUrl\":\"https:\\\/\\\/oudheidkamertexel.nl\\\/wp-content\\\/uploads\\\/2024\\\/07\\\/full-image-opkamer-23.jpg\",\"width\":2000,\"height\":1125,\"caption\":\"Een dienblad met een servies op tafel in de opkamer van Oudheidkamer Texel.\"},{\"@type\":\"BreadcrumbList\",\"@id\":\"https:\\\/\\\/oudheidkamertexel.nl\\\/de\\\/was-gibt-es-dort-zu-sehen\\\/das-oberzimmer\\\/#breadcrumb\",\"itemListElement\":[{\"@type\":\"ListItem\",\"position\":1,\"name\":\"Home\",\"item\":\"https:\\\/\\\/oudheidkamertexel.nl\\\/de\\\/\"},{\"@type\":\"ListItem\",\"position\":2,\"name\":\"Was gibt es dort zu sehen?\",\"item\":\"https:\\\/\\\/oudheidkamertexel.nl\\\/de\\\/was-gibt-es-dort-zu-sehen\\\/\"},{\"@type\":\"ListItem\",\"position\":3,\"name\":\"Das Oberzimmer\"}]},{\"@type\":\"WebSite\",\"@id\":\"https:\\\/\\\/oudheidkamertexel.nl\\\/de\\\/#website\",\"url\":\"https:\\\/\\\/oudheidkamertexel.nl\\\/de\\\/\",\"name\":\"Oudheidkamer Texel\",\"description\":\"\",\"potentialAction\":[{\"@type\":\"SearchAction\",\"target\":{\"@type\":\"EntryPoint\",\"urlTemplate\":\"https:\\\/\\\/oudheidkamertexel.nl\\\/de\\\/?s={search_term_string}\"},\"query-input\":{\"@type\":\"PropertyValueSpecification\",\"valueRequired\":true,\"valueName\":\"search_term_string\"}}],\"inLanguage\":\"de-DE\"}]}<\/script>\n<!-- \/ Yoast SEO plugin. -->","yoast_head_json":{"title":"Das Oberzimmer - Oudheidkamer Texel","description":"Waaraan dankt de opkamer zijn naam? En wat was zijn functie? Ontdek het hier.","robots":{"index":"index","follow":"follow","max-snippet":"max-snippet:-1","max-image-preview":"max-image-preview:large","max-video-preview":"max-video-preview:-1"},"canonical":"https:\/\/oudheidkamertexel.nl\/de\/was-gibt-es-dort-zu-sehen\/das-oberzimmer\/","og_locale":"de_DE","og_type":"article","og_title":"Das Oberzimmer - Oudheidkamer Texel","og_description":"Waaraan dankt de opkamer zijn naam? En wat was zijn functie? Ontdek het hier.","og_url":"https:\/\/oudheidkamertexel.nl\/de\/was-gibt-es-dort-zu-sehen\/das-oberzimmer\/","og_site_name":"Oudheidkamer Texel","article_modified_time":"2025-06-27T09:03:16+00:00","og_image":[{"width":2000,"height":1125,"url":"https:\/\/oudheidkamertexel.nl\/wp-content\/uploads\/2024\/07\/full-image-opkamer-23.jpg","type":"image\/jpeg"}],"twitter_card":"summary_large_image","twitter_misc":{"Est. reading time":"1 minute"},"schema":{"@context":"https:\/\/schema.org","@graph":[{"@type":"WebPage","@id":"https:\/\/oudheidkamertexel.nl\/de\/was-gibt-es-dort-zu-sehen\/das-oberzimmer\/","url":"https:\/\/oudheidkamertexel.nl\/de\/was-gibt-es-dort-zu-sehen\/das-oberzimmer\/","name":"Das Oberzimmer - Oudheidkamer Texel","isPartOf":{"@id":"https:\/\/oudheidkamertexel.nl\/de\/#website"},"primaryImageOfPage":{"@id":"https:\/\/oudheidkamertexel.nl\/de\/was-gibt-es-dort-zu-sehen\/das-oberzimmer\/#primaryimage"},"image":{"@id":"https:\/\/oudheidkamertexel.nl\/de\/was-gibt-es-dort-zu-sehen\/das-oberzimmer\/#primaryimage"},"thumbnailUrl":"https:\/\/oudheidkamertexel.nl\/wp-content\/uploads\/2024\/07\/full-image-opkamer-23.jpg","datePublished":"2024-05-30T11:18:01+00:00","dateModified":"2025-06-27T09:03:16+00:00","description":"Waaraan dankt de opkamer zijn naam? En wat was zijn functie? Ontdek het hier.","breadcrumb":{"@id":"https:\/\/oudheidkamertexel.nl\/de\/was-gibt-es-dort-zu-sehen\/das-oberzimmer\/#breadcrumb"},"inLanguage":"de-DE","potentialAction":[{"@type":"ReadAction","target":["https:\/\/oudheidkamertexel.nl\/de\/was-gibt-es-dort-zu-sehen\/das-oberzimmer\/"]}]},{"@type":"ImageObject","inLanguage":"de-DE","@id":"https:\/\/oudheidkamertexel.nl\/de\/was-gibt-es-dort-zu-sehen\/das-oberzimmer\/#primaryimage","url":"https:\/\/oudheidkamertexel.nl\/wp-content\/uploads\/2024\/07\/full-image-opkamer-23.jpg","contentUrl":"https:\/\/oudheidkamertexel.nl\/wp-content\/uploads\/2024\/07\/full-image-opkamer-23.jpg","width":2000,"height":1125,"caption":"Een dienblad met een servies op tafel in de opkamer van Oudheidkamer Texel."},{"@type":"BreadcrumbList","@id":"https:\/\/oudheidkamertexel.nl\/de\/was-gibt-es-dort-zu-sehen\/das-oberzimmer\/#breadcrumb","itemListElement":[{"@type":"ListItem","position":1,"name":"Home","item":"https:\/\/oudheidkamertexel.nl\/de\/"},{"@type":"ListItem","position":2,"name":"Was gibt es dort zu sehen?","item":"https:\/\/oudheidkamertexel.nl\/de\/was-gibt-es-dort-zu-sehen\/"},{"@type":"ListItem","position":3,"name":"Das Oberzimmer"}]},{"@type":"WebSite","@id":"https:\/\/oudheidkamertexel.nl\/de\/#website","url":"https:\/\/oudheidkamertexel.nl\/de\/","name":"Oudheidkamer Texel","description":"","potentialAction":[{"@type":"SearchAction","target":{"@type":"EntryPoint","urlTemplate":"https:\/\/oudheidkamertexel.nl\/de\/?s={search_term_string}"},"query-input":{"@type":"PropertyValueSpecification","valueRequired":true,"valueName":"search_term_string"}}],"inLanguage":"de-DE"}]}},"_links":{"self":[{"href":"https:\/\/oudheidkamertexel.nl\/de\/wp-json\/wp\/v2\/pages\/1755","targetHints":{"allow":["GET"]}}],"collection":[{"href":"https:\/\/oudheidkamertexel.nl\/de\/wp-json\/wp\/v2\/pages"}],"about":[{"href":"https:\/\/oudheidkamertexel.nl\/de\/wp-json\/wp\/v2\/types\/page"}],"author":[{"embeddable":true,"href":"https:\/\/oudheidkamertexel.nl\/de\/wp-json\/wp\/v2\/users\/1"}],"replies":[{"embeddable":true,"href":"https:\/\/oudheidkamertexel.nl\/de\/wp-json\/wp\/v2\/comments?post=1755"}],"version-history":[{"count":4,"href":"https:\/\/oudheidkamertexel.nl\/de\/wp-json\/wp\/v2\/pages\/1755\/revisions"}],"predecessor-version":[{"id":2730,"href":"https:\/\/oudheidkamertexel.nl\/de\/wp-json\/wp\/v2\/pages\/1755\/revisions\/2730"}],"up":[{"embeddable":true,"href":"https:\/\/oudheidkamertexel.nl\/de\/wp-json\/wp\/v2\/pages\/1746"}],"wp:featuredmedia":[{"embeddable":true,"href":"https:\/\/oudheidkamertexel.nl\/de\/wp-json\/wp\/v2\/media\/1564"}],"wp:attachment":[{"href":"https:\/\/oudheidkamertexel.nl\/de\/wp-json\/wp\/v2\/media?parent=1755"}],"curies":[{"name":"wp","href":"https:\/\/api.w.org\/{rel}","templated":true}]}}