{"id":1751,"date":"2024-06-25T13:27:45","date_gmt":"2024-06-25T11:27:45","guid":{"rendered":"https:\/\/oudheidkamertexel.nl\/wat-is-er-te-zien\/het-voorhuis\/"},"modified":"2025-06-27T11:02:50","modified_gmt":"2025-06-27T09:02:50","slug":"das-vorderhaus","status":"publish","type":"page","link":"https:\/\/oudheidkamertexel.nl\/de\/was-gibt-es-dort-zu-sehen\/das-vorderhaus\/","title":{"rendered":"Das Vorderhaus"},"content":{"rendered":"<section class=\"wp-block  alignfull block-room  circle-shapes\" id=\"block-room-block_1cfcb4b47c3fbe871ff1f7c02da4bc79\">\n            <div class=\"row align-center\">\n            <div class=\"column small-12 large-8\">\n                <div class=\"text-center special-text\">\n                                            <span>Was gibt es dort zu sehen?<\/span>\n                                                                <h2>Das Vorderhaus<\/h2>\n                                        <p>Der Eingang zum Museum befindet sich im Vorderhaus. Als das Haus noch ein G\u00e4stehaus war, wurde in diesem Raum gegessen. Fr\u00fcher wurde ein Vorderhaus oft als Gesch\u00e4ftsraum oder Laden genutzt.<\/p>\n                <\/div>\n            <\/div>\n        <\/div>\n    \n    <div class=\"row expanded small-up-1 large-up-3 \">\n            <\/div>\n<\/section>\n\n<section class=\"wp-block alignfull more-items\" id=\"more-items-block_b07be449369ce1b04187dc3b0c0987a7\">\n\t<div class=\"row text-center align-center pb-s\">\n\t\t<div class=\"column small-12 large-6\">\n\t\t\t<h2>Mehr wissen?<\/h2>\t\t\t\t\t<\/div> \n\t<\/div>\n\t<div class=\"row small-up-1 medium-up-2 large-up-3 flex-grow\">\n\t\t\t\t\t<div class=\"column\">\n\t\t\t\t<a href=\"https:\/\/oudheidkamertexel.nl\/de\/was-gibt-es-dort-zu-sehen\/\" class=\"card grow card--white\">\n\t\t\t\t\t<img class=\"card__image lazyload aspect-ratio-6-4\" data-src=\"https:\/\/oudheidkamertexel.nl\/wp-content\/uploads\/2024\/07\/header-jongens-carrousel-11-600x400.jpg\" alt=\"Twee jongens kijken naar het speelgoed van de generatie van hun oma in de tentoonstelling Spelen met het Verleden\" \/>\n\t\t\t\t\t<div class=\"card__content grow\">\n\t\t\t\t\t\t<h3 class=\"h4 card__title\">Was gibt es dort zu sehen?<\/h3>\n\t\t\t\t\t\t<div class=\"card__text text-grow\">\n\t\t\t\t\t\t\t<p>Ein Haus, in dem die Zeit stehen geblieben ist<\/p>\n\t\t\t\t\t\t<\/div>\n\t\t\t\t\t\t<button class=\"button card__button\"><\/button>\n\t\t\t\t\t<\/div>\n\t\t\t\t<\/a>\n\t\t\t<\/div>\n\t\t\t\t\t<div class=\"column\">\n\t\t\t\t<a href=\"https:\/\/oudheidkamertexel.nl\/de\/die-sammlung\/\" class=\"card grow card--white\">\n\t\t\t\t\t<img class=\"card__image lazyload aspect-ratio-6-4\" data-src=\"https:\/\/oudheidkamertexel.nl\/wp-content\/uploads\/2024\/07\/mb-oudheidkamer-26-600x400.jpg\" alt=\"De linnenkast in het Voorhuis van de Oudheidkamer met daarnaast enkele schilderijen.\" \/>\n\t\t\t\t\t<div class=\"card__content grow\">\n\t\t\t\t\t\t<h3 class=\"h4 card__title\">Die Sammlung<\/h3>\n\t\t\t\t\t\t<div class=\"card__text text-grow\">\n\t\t\t\t\t\t\t<p>Werfen Sie einen Blick auf die Sammlung der Oudheidkamer<\/p>\n\t\t\t\t\t\t<\/div>\n\t\t\t\t\t\t<button class=\"button card__button\"><\/button>\n\t\t\t\t\t<\/div>\n\t\t\t\t<\/a>\n\t\t\t<\/div>\n\t\t\t\t\t<div class=\"column\">\n\t\t\t\t<a href=\"https:\/\/oudheidkamertexel.nl\/de\/karten-information\/\" class=\"card grow card--white\">\n\t\t\t\t\t<img class=\"card__image lazyload aspect-ratio-6-4\" data-src=\"https:\/\/oudheidkamertexel.nl\/wp-content\/uploads\/2024\/07\/Header-over-ons--600x400.jpg\" alt=\"Detail van de deurkalf boven de entree van de Oudheidkamer\" \/>\n\t\t\t\t\t<div class=\"card__content grow\">\n\t\t\t\t\t\t<h3 class=\"h4 card__title\">Karten &amp; Information<\/h3>\n\t\t\t\t\t\t<div class=\"card__text text-grow\">\n\t\t\t\t\t\t\t<p>Karten, Information und Barrierefreiheit<\/p>\n\t\t\t\t\t\t<\/div>\n\t\t\t\t\t\t<button class=\"button card__button\"><\/button>\n\t\t\t\t\t<\/div>\n\t\t\t\t<\/a>\n\t\t\t<\/div>\n\t\t\t<\/div>\n<\/section>\n","protected":false},"excerpt":{"rendered":"<p>Der Eingang des Museums.<\/p>\n","protected":false},"author":2,"featured_media":0,"parent":1746,"menu_order":64,"comment_status":"closed","ping_status":"closed","template":"page-templates\/interactive-header.php","meta":{"_acf_changed":false,"footnotes":""},"class_list":["post-1751","page","type-page","status-publish","hentry"],"acf":[],"yoast_head":"<!-- This site is optimized with the Yoast SEO plugin v27.5 - https:\/\/yoast.com\/product\/yoast-seo-wordpress\/ -->\n<title>Das Vorderhaus - Oudheidkamer Texel<\/title>\n<meta name=\"description\" content=\"Der Eingang des Museums.\" \/>\n<meta name=\"robots\" content=\"index, follow, max-snippet:-1, max-image-preview:large, max-video-preview:-1\" \/>\n<link rel=\"canonical\" href=\"https:\/\/oudheidkamertexel.nl\/de\/was-gibt-es-dort-zu-sehen\/das-vorderhaus\/\" \/>\n<meta property=\"og:locale\" content=\"de_DE\" \/>\n<meta property=\"og:type\" content=\"article\" \/>\n<meta property=\"og:title\" content=\"Das Vorderhaus - Oudheidkamer Texel\" \/>\n<meta property=\"og:description\" content=\"Der Eingang des Museums.\" \/>\n<meta property=\"og:url\" content=\"https:\/\/oudheidkamertexel.nl\/de\/was-gibt-es-dort-zu-sehen\/das-vorderhaus\/\" \/>\n<meta property=\"og:site_name\" content=\"Oudheidkamer Texel\" \/>\n<meta property=\"article:modified_time\" content=\"2025-06-27T09:02:50+00:00\" \/>\n<meta name=\"twitter:card\" content=\"summary_large_image\" \/>\n<script type=\"application\/ld+json\" class=\"yoast-schema-graph\">{\"@context\":\"https:\\\/\\\/schema.org\",\"@graph\":[{\"@type\":\"WebPage\",\"@id\":\"https:\\\/\\\/oudheidkamertexel.nl\\\/de\\\/was-gibt-es-dort-zu-sehen\\\/das-vorderhaus\\\/\",\"url\":\"https:\\\/\\\/oudheidkamertexel.nl\\\/de\\\/was-gibt-es-dort-zu-sehen\\\/das-vorderhaus\\\/\",\"name\":\"Das Vorderhaus - Oudheidkamer Texel\",\"isPartOf\":{\"@id\":\"https:\\\/\\\/oudheidkamertexel.nl\\\/de\\\/#website\"},\"datePublished\":\"2024-06-25T11:27:45+00:00\",\"dateModified\":\"2025-06-27T09:02:50+00:00\",\"breadcrumb\":{\"@id\":\"https:\\\/\\\/oudheidkamertexel.nl\\\/de\\\/was-gibt-es-dort-zu-sehen\\\/das-vorderhaus\\\/#breadcrumb\"},\"inLanguage\":\"de-DE\",\"potentialAction\":[{\"@type\":\"ReadAction\",\"target\":[\"https:\\\/\\\/oudheidkamertexel.nl\\\/de\\\/was-gibt-es-dort-zu-sehen\\\/das-vorderhaus\\\/\"]}]},{\"@type\":\"BreadcrumbList\",\"@id\":\"https:\\\/\\\/oudheidkamertexel.nl\\\/de\\\/was-gibt-es-dort-zu-sehen\\\/das-vorderhaus\\\/#breadcrumb\",\"itemListElement\":[{\"@type\":\"ListItem\",\"position\":1,\"name\":\"Home\",\"item\":\"https:\\\/\\\/oudheidkamertexel.nl\\\/de\\\/\"},{\"@type\":\"ListItem\",\"position\":2,\"name\":\"Was gibt es dort zu sehen?\",\"item\":\"https:\\\/\\\/oudheidkamertexel.nl\\\/de\\\/was-gibt-es-dort-zu-sehen\\\/\"},{\"@type\":\"ListItem\",\"position\":3,\"name\":\"Das Vorderhaus\"}]},{\"@type\":\"WebSite\",\"@id\":\"https:\\\/\\\/oudheidkamertexel.nl\\\/de\\\/#website\",\"url\":\"https:\\\/\\\/oudheidkamertexel.nl\\\/de\\\/\",\"name\":\"Oudheidkamer Texel\",\"description\":\"\",\"potentialAction\":[{\"@type\":\"SearchAction\",\"target\":{\"@type\":\"EntryPoint\",\"urlTemplate\":\"https:\\\/\\\/oudheidkamertexel.nl\\\/de\\\/?s={search_term_string}\"},\"query-input\":{\"@type\":\"PropertyValueSpecification\",\"valueRequired\":true,\"valueName\":\"search_term_string\"}}],\"inLanguage\":\"de-DE\"}]}<\/script>\n<!-- \/ Yoast SEO plugin. -->","yoast_head_json":{"title":"Das Vorderhaus - Oudheidkamer Texel","description":"Der Eingang des Museums.","robots":{"index":"index","follow":"follow","max-snippet":"max-snippet:-1","max-image-preview":"max-image-preview:large","max-video-preview":"max-video-preview:-1"},"canonical":"https:\/\/oudheidkamertexel.nl\/de\/was-gibt-es-dort-zu-sehen\/das-vorderhaus\/","og_locale":"de_DE","og_type":"article","og_title":"Das Vorderhaus - Oudheidkamer Texel","og_description":"Der Eingang des Museums.","og_url":"https:\/\/oudheidkamertexel.nl\/de\/was-gibt-es-dort-zu-sehen\/das-vorderhaus\/","og_site_name":"Oudheidkamer Texel","article_modified_time":"2025-06-27T09:02:50+00:00","twitter_card":"summary_large_image","schema":{"@context":"https:\/\/schema.org","@graph":[{"@type":"WebPage","@id":"https:\/\/oudheidkamertexel.nl\/de\/was-gibt-es-dort-zu-sehen\/das-vorderhaus\/","url":"https:\/\/oudheidkamertexel.nl\/de\/was-gibt-es-dort-zu-sehen\/das-vorderhaus\/","name":"Das Vorderhaus - Oudheidkamer Texel","isPartOf":{"@id":"https:\/\/oudheidkamertexel.nl\/de\/#website"},"datePublished":"2024-06-25T11:27:45+00:00","dateModified":"2025-06-27T09:02:50+00:00","breadcrumb":{"@id":"https:\/\/oudheidkamertexel.nl\/de\/was-gibt-es-dort-zu-sehen\/das-vorderhaus\/#breadcrumb"},"inLanguage":"de-DE","potentialAction":[{"@type":"ReadAction","target":["https:\/\/oudheidkamertexel.nl\/de\/was-gibt-es-dort-zu-sehen\/das-vorderhaus\/"]}]},{"@type":"BreadcrumbList","@id":"https:\/\/oudheidkamertexel.nl\/de\/was-gibt-es-dort-zu-sehen\/das-vorderhaus\/#breadcrumb","itemListElement":[{"@type":"ListItem","position":1,"name":"Home","item":"https:\/\/oudheidkamertexel.nl\/de\/"},{"@type":"ListItem","position":2,"name":"Was gibt es dort zu sehen?","item":"https:\/\/oudheidkamertexel.nl\/de\/was-gibt-es-dort-zu-sehen\/"},{"@type":"ListItem","position":3,"name":"Das Vorderhaus"}]},{"@type":"WebSite","@id":"https:\/\/oudheidkamertexel.nl\/de\/#website","url":"https:\/\/oudheidkamertexel.nl\/de\/","name":"Oudheidkamer Texel","description":"","potentialAction":[{"@type":"SearchAction","target":{"@type":"EntryPoint","urlTemplate":"https:\/\/oudheidkamertexel.nl\/de\/?s={search_term_string}"},"query-input":{"@type":"PropertyValueSpecification","valueRequired":true,"valueName":"search_term_string"}}],"inLanguage":"de-DE"}]}},"_links":{"self":[{"href":"https:\/\/oudheidkamertexel.nl\/de\/wp-json\/wp\/v2\/pages\/1751","targetHints":{"allow":["GET"]}}],"collection":[{"href":"https:\/\/oudheidkamertexel.nl\/de\/wp-json\/wp\/v2\/pages"}],"about":[{"href":"https:\/\/oudheidkamertexel.nl\/de\/wp-json\/wp\/v2\/types\/page"}],"author":[{"embeddable":true,"href":"https:\/\/oudheidkamertexel.nl\/de\/wp-json\/wp\/v2\/users\/2"}],"replies":[{"embeddable":true,"href":"https:\/\/oudheidkamertexel.nl\/de\/wp-json\/wp\/v2\/comments?post=1751"}],"version-history":[{"count":4,"href":"https:\/\/oudheidkamertexel.nl\/de\/wp-json\/wp\/v2\/pages\/1751\/revisions"}],"predecessor-version":[{"id":2729,"href":"https:\/\/oudheidkamertexel.nl\/de\/wp-json\/wp\/v2\/pages\/1751\/revisions\/2729"}],"up":[{"embeddable":true,"href":"https:\/\/oudheidkamertexel.nl\/de\/wp-json\/wp\/v2\/pages\/1746"}],"wp:attachment":[{"href":"https:\/\/oudheidkamertexel.nl\/de\/wp-json\/wp\/v2\/media?parent=1751"}],"curies":[{"name":"wp","href":"https:\/\/api.w.org\/{rel}","templated":true}]}}