{"id":1746,"date":"2024-05-27T15:47:30","date_gmt":"2024-05-27T13:47:30","guid":{"rendered":"https:\/\/oudheidkamertexel.nl\/wat-is-er-te-zien\/"},"modified":"2026-04-10T17:20:47","modified_gmt":"2026-04-10T15:20:47","slug":"was-gibt-es-dort-zu-sehen","status":"publish","type":"page","link":"https:\/\/oudheidkamertexel.nl\/de\/was-gibt-es-dort-zu-sehen\/","title":{"rendered":"Was gibt es dort zu sehen?"},"content":{"rendered":"<section class=\"wp-block  alignfull block-room  circle-shapes\" id=\"block-room-block_2a5d6bdb7aad0067d06f05362eed7130\">\n            <div class=\"row align-center\">\n            <div class=\"column small-12 large-8\">\n                <div class=\"text-center special-text\">\n                                            <span>Was gibt es dort zu sehen?<\/span>\n                                                                <h2>Einem der \u00e4ltesten H\u00e4user von Texel<\/h2>\n                                        <p>Die Oudheidkamer zeigt das Leben von Fr\u00fcher. Die altholl\u00e4ndische Einrichtung versetzt Sie in die Zeit Ihrer Gro\u00dfmutter zur\u00fcck. Eine Zeit, in der die Haushaltsf\u00fchrung eine intensive Tagesarbeit war. Wie viel konnten die Menschen ohne all unsere modernen Hilfsmittel tun! Entdecken Sie, wie sie kochten, wuschen, Besucher empfingen und daf\u00fcr sorgten, dass es im Winter genug zu essen gab. Genie\u00dfen Sie auch den malerischen Kr\u00e4utergarten hinter dem Haus. Mit etwa hundert essbaren, medizinischen und n\u00fctzlichen Kr\u00e4utern.<\/p>\n                <\/div>\n            <\/div>\n        <\/div>\n    \n    <div class=\"row expanded small-up-1 large-up-3 \">\n                                    <a href=\"https:\/\/oudheidkamertexel.nl\/de\/was-gibt-es-dort-zu-sehen\/das-gebaude\/\" class=\"column no-padding\">\n                            <div class=\"room-holder\">\n                                            <img decoding=\"async\" class=\"lazyload\" src=\"https:\/\/oudheidkamertexel.nl\/wp-content\/uploads\/2024\/07\/overzichtfoto-entree-stel_14-1.jpg\" alt=\"Twee jonge mensen lopen de openstaande deur van de Oudheidkamer binnen.\" \/>\n                                        <div class=\"room-content\">\n                                                    <h3>Haus von 1599<\/h3>\n                                                <div class=\"extra-room-content\">\n                                                                                                <p>Eines der \u00e4ltesten H\u00e4user von Texel<\/p>\n                                                                                                                                                            <div class=\"button is-style-primary\">Weiter schauen<\/div>\n                                                                                    <\/div>\n                    <\/div>\n                <\/div>\n                                    <\/a>\n                                                    <a href=\"https:\/\/oudheidkamertexel.nl\/de\/was-gibt-es-dort-zu-sehen\/das-vorderhaus\/\" class=\"column no-padding\">\n                            <div class=\"room-holder\">\n                                            <img decoding=\"async\" class=\"lazyload\" src=\"https:\/\/oudheidkamertexel.nl\/wp-content\/uploads\/2024\/07\/overzichtsfoto-voorhuis-26.jpg\" alt=\"De hal \" \/>\n                                        <div class=\"room-content\">\n                                                    <h3>Das Vorderhaus<\/h3>\n                                                <div class=\"extra-room-content\">\n                                                                                                <p>Der Eingang des Museums<\/p>\n                                                                                                                                                            <div class=\"button is-style-primary\">Weiter schauen<\/div>\n                                                                                    <\/div>\n                    <\/div>\n                <\/div>\n                                    <\/a>\n                                                    <a href=\"https:\/\/oudheidkamertexel.nl\/de\/was-gibt-es-dort-zu-sehen\/das-oberzimmer\/\" class=\"column no-padding\">\n                            <div class=\"room-holder\">\n                                            <img decoding=\"async\" class=\"lazyload\" src=\"https:\/\/oudheidkamertexel.nl\/wp-content\/uploads\/2024\/07\/overzichtsfoto-opkamer-23.jpg\" alt=\"Een dienblad met een servies op tafel in de opkamer van Oudheidkamer Texel.\" \/>\n                                        <div class=\"room-content\">\n                                                    <h3>Das Oberzimmer<\/h3>\n                                                <div class=\"extra-room-content\">\n                                                                                                <p>Das Zimmer mit den sch\u00f6nsten Gegenst\u00e4nden<\/p>\n                                                                                                                                                            <div class=\"button is-style-primary\">Weiter schauen<\/div>\n                                                                                    <\/div>\n                    <\/div>\n                <\/div>\n                                    <\/a>\n                                                    <a href=\"https:\/\/oudheidkamertexel.nl\/de\/was-gibt-es-dort-zu-sehen\/der-keller\/\" class=\"column no-padding\">\n                            <div class=\"room-holder\">\n                                            <img decoding=\"async\" class=\"lazyload\" src=\"https:\/\/oudheidkamertexel.nl\/wp-content\/uploads\/2024\/07\/overzichtsfoto-Kelder.jpg\" alt=\"De kelder in Oudheidkamer Texel heeft een gewelfd plafons. Er staan onder andere weckpotten met ingemaakt voedsel in. \" \/>\n                                        <div class=\"room-content\">\n                                                    <h3>Der Keller<\/h3>\n                                                <div class=\"extra-room-content\">\n                                                                                                <p>Vorr\u00e4te f\u00fcr den Winter<\/p>\n                                                                                                                                                            <div class=\"button is-style-primary\">Weiter schauen<\/div>\n                                                                                    <\/div>\n                    <\/div>\n                <\/div>\n                                    <\/a>\n                                                    <a href=\"https:\/\/oudheidkamertexel.nl\/de\/was-gibt-es-dort-zu-sehen\/das-hinterzimmer\/\" class=\"column no-padding\">\n                            <div class=\"room-holder\">\n                                            <img decoding=\"async\" class=\"lazyload\" src=\"https:\/\/oudheidkamertexel.nl\/wp-content\/uploads\/2024\/05\/vertical-img-490x725-1.jpg\" alt=\"Moeder en dochter kijken rond in de achterkamer van Oudheidkamer Texel\" \/>\n                                        <div class=\"room-content\">\n                                                    <h3>Das Hinterzimmer<\/h3>\n                                                <div class=\"extra-room-content\">\n                                                                                                <p>Essen und schlafen im selben Raum<\/p>\n                                                                                                                                                            <div class=\"button is-style-primary\">Weiter schauen<\/div>\n                                                                                    <\/div>\n                    <\/div>\n                <\/div>\n                                    <\/a>\n                                                    <a href=\"https:\/\/oudheidkamertexel.nl\/de\/was-gibt-es-dort-zu-sehen\/die-kuche\/\" class=\"column no-padding\">\n                            <div class=\"room-holder\">\n                                            <img decoding=\"async\" class=\"lazyload\" src=\"https:\/\/oudheidkamertexel.nl\/wp-content\/uploads\/2024\/07\/full-keuken-ketels-490x725.jpg\" alt=\"Drie ketels staan op het houtfornuis in de keuken van Oudheidkamer Texel\" \/>\n                                        <div class=\"room-content\">\n                                                    <h3>Die K\u00fcche<\/h3>\n                                                <div class=\"extra-room-content\">\n                                                                                                <p>Kochen auf Kohlen, Wasser aus der Pumpe<\/p>\n                                                                                                                                                            <div class=\"button is-style-primary\">Weiter schauen<\/div>\n                                                                                    <\/div>\n                    <\/div>\n                <\/div>\n                                    <\/a>\n                                                    <a href=\"https:\/\/oudheidkamertexel.nl\/de\/was-gibt-es-dort-zu-sehen\/der-krautergarten\/\" class=\"column no-padding\">\n                            <div class=\"room-holder\">\n                                            <img decoding=\"async\" class=\"lazyload\" src=\"https:\/\/oudheidkamertexel.nl\/wp-content\/uploads\/2024\/07\/overzichtsfoto-tuin.jpg\" alt=\"De kruidentuin en het hossie van Oudheidkamer Texel\" \/>\n                                        <div class=\"room-content\">\n                                                    <h3>Der Kr\u00e4utergarten<\/h3>\n                                                <div class=\"extra-room-content\">\n                                                                                                <p>Genie\u00dfen Sie die Pflanzen<\/p>\n                                                                                                                                                            <div class=\"button is-style-primary\">Weiter schauen<\/div>\n                                                                                    <\/div>\n                    <\/div>\n                <\/div>\n                                    <\/a>\n                                                    <a href=\"https:\/\/oudheidkamertexel.nl\/de\/was-gibt-es-dort-zu-sehen\/das-obergeschoss\/\" class=\"column no-padding\">\n                            <div class=\"room-holder\">\n                                            <img decoding=\"async\" class=\"lazyload\" src=\"https:\/\/oudheidkamertexel.nl\/wp-content\/uploads\/2026\/04\/Boven-de-Bank-foto-overzicht-ws.jpg\" alt=\"\" \/>\n                                        <div class=\"room-content\">\n                                                    <h3>Das Obergeschoss<\/h3>\n                                                <div class=\"extra-room-content\">\n                                                                                                <p>Texeler Gem\u00e4lde aus dem fr\u00fchen 20. Jahrhundert<\/p>\n                                                                                                                                                            <div class=\"button is-style-primary\">Weiter schauen<\/div>\n                                                                                    <\/div>\n                    <\/div>\n                <\/div>\n                                    <\/a>\n                            <\/div>\n<\/section>","protected":false},"excerpt":{"rendered":"<p>Ein Haus, in dem die Zeit stehen geblieben ist<\/p>\n","protected":false},"author":1,"featured_media":1155,"parent":0,"menu_order":58,"comment_status":"closed","ping_status":"closed","template":"","meta":{"_acf_changed":false,"footnotes":""},"class_list":["post-1746","page","type-page","status-publish","has-post-thumbnail","hentry"],"acf":[],"yoast_head":"<!-- This site is optimized with the Yoast SEO plugin v27.5 - https:\/\/yoast.com\/product\/yoast-seo-wordpress\/ -->\n<title>Was gibt es dort zu sehen? - Oudheidkamer Texel<\/title>\n<meta name=\"description\" content=\"Kamers vol verhalen over het vroegere leven op Texel.\" \/>\n<meta name=\"robots\" content=\"index, follow, max-snippet:-1, max-image-preview:large, max-video-preview:-1\" \/>\n<link rel=\"canonical\" href=\"https:\/\/oudheidkamertexel.nl\/de\/was-gibt-es-dort-zu-sehen\/\" \/>\n<meta property=\"og:locale\" content=\"de_DE\" \/>\n<meta property=\"og:type\" content=\"article\" \/>\n<meta property=\"og:title\" content=\"Was gibt es dort zu sehen? - Oudheidkamer Texel\" \/>\n<meta property=\"og:description\" content=\"Kamers vol verhalen over het vroegere leven op Texel.\" \/>\n<meta property=\"og:url\" content=\"https:\/\/oudheidkamertexel.nl\/de\/was-gibt-es-dort-zu-sehen\/\" \/>\n<meta property=\"og:site_name\" content=\"Oudheidkamer Texel\" \/>\n<meta property=\"article:modified_time\" content=\"2026-04-10T15:20:47+00:00\" \/>\n<meta property=\"og:image\" content=\"https:\/\/oudheidkamertexel.nl\/wp-content\/uploads\/2024\/07\/header-jongens-carrousel-11.jpg\" \/>\n\t<meta property=\"og:image:width\" content=\"2000\" \/>\n\t<meta property=\"og:image:height\" content=\"500\" \/>\n\t<meta property=\"og:image:type\" content=\"image\/jpeg\" \/>\n<meta name=\"twitter:card\" content=\"summary_large_image\" \/>\n<meta name=\"twitter:label1\" content=\"Est. reading time\" \/>\n\t<meta name=\"twitter:data1\" content=\"1 minute\" \/>\n<script type=\"application\/ld+json\" class=\"yoast-schema-graph\">{\"@context\":\"https:\\\/\\\/schema.org\",\"@graph\":[{\"@type\":\"WebPage\",\"@id\":\"https:\\\/\\\/oudheidkamertexel.nl\\\/de\\\/was-gibt-es-dort-zu-sehen\\\/\",\"url\":\"https:\\\/\\\/oudheidkamertexel.nl\\\/de\\\/was-gibt-es-dort-zu-sehen\\\/\",\"name\":\"Was gibt es dort zu sehen? - Oudheidkamer Texel\",\"isPartOf\":{\"@id\":\"https:\\\/\\\/oudheidkamertexel.nl\\\/de\\\/#website\"},\"primaryImageOfPage\":{\"@id\":\"https:\\\/\\\/oudheidkamertexel.nl\\\/de\\\/was-gibt-es-dort-zu-sehen\\\/#primaryimage\"},\"image\":{\"@id\":\"https:\\\/\\\/oudheidkamertexel.nl\\\/de\\\/was-gibt-es-dort-zu-sehen\\\/#primaryimage\"},\"thumbnailUrl\":\"https:\\\/\\\/oudheidkamertexel.nl\\\/wp-content\\\/uploads\\\/2024\\\/07\\\/header-jongens-carrousel-11.jpg\",\"datePublished\":\"2024-05-27T13:47:30+00:00\",\"dateModified\":\"2026-04-10T15:20:47+00:00\",\"description\":\"Kamers vol verhalen over het vroegere leven op Texel.\",\"breadcrumb\":{\"@id\":\"https:\\\/\\\/oudheidkamertexel.nl\\\/de\\\/was-gibt-es-dort-zu-sehen\\\/#breadcrumb\"},\"inLanguage\":\"de-DE\",\"potentialAction\":[{\"@type\":\"ReadAction\",\"target\":[\"https:\\\/\\\/oudheidkamertexel.nl\\\/de\\\/was-gibt-es-dort-zu-sehen\\\/\"]}]},{\"@type\":\"ImageObject\",\"inLanguage\":\"de-DE\",\"@id\":\"https:\\\/\\\/oudheidkamertexel.nl\\\/de\\\/was-gibt-es-dort-zu-sehen\\\/#primaryimage\",\"url\":\"https:\\\/\\\/oudheidkamertexel.nl\\\/wp-content\\\/uploads\\\/2024\\\/07\\\/header-jongens-carrousel-11.jpg\",\"contentUrl\":\"https:\\\/\\\/oudheidkamertexel.nl\\\/wp-content\\\/uploads\\\/2024\\\/07\\\/header-jongens-carrousel-11.jpg\",\"width\":2000,\"height\":500,\"caption\":\"Twee jongens kijken naar het speelgoed van de generatie van hun oma in de tentoonstelling Spelen met het Verleden\"},{\"@type\":\"BreadcrumbList\",\"@id\":\"https:\\\/\\\/oudheidkamertexel.nl\\\/de\\\/was-gibt-es-dort-zu-sehen\\\/#breadcrumb\",\"itemListElement\":[{\"@type\":\"ListItem\",\"position\":1,\"name\":\"Home\",\"item\":\"https:\\\/\\\/oudheidkamertexel.nl\\\/de\\\/\"},{\"@type\":\"ListItem\",\"position\":2,\"name\":\"Was gibt es dort zu sehen?\"}]},{\"@type\":\"WebSite\",\"@id\":\"https:\\\/\\\/oudheidkamertexel.nl\\\/de\\\/#website\",\"url\":\"https:\\\/\\\/oudheidkamertexel.nl\\\/de\\\/\",\"name\":\"Oudheidkamer Texel\",\"description\":\"\",\"potentialAction\":[{\"@type\":\"SearchAction\",\"target\":{\"@type\":\"EntryPoint\",\"urlTemplate\":\"https:\\\/\\\/oudheidkamertexel.nl\\\/de\\\/?s={search_term_string}\"},\"query-input\":{\"@type\":\"PropertyValueSpecification\",\"valueRequired\":true,\"valueName\":\"search_term_string\"}}],\"inLanguage\":\"de-DE\"}]}<\/script>\n<!-- \/ Yoast SEO plugin. -->","yoast_head_json":{"title":"Was gibt es dort zu sehen? - Oudheidkamer Texel","description":"Kamers vol verhalen over het vroegere leven op Texel.","robots":{"index":"index","follow":"follow","max-snippet":"max-snippet:-1","max-image-preview":"max-image-preview:large","max-video-preview":"max-video-preview:-1"},"canonical":"https:\/\/oudheidkamertexel.nl\/de\/was-gibt-es-dort-zu-sehen\/","og_locale":"de_DE","og_type":"article","og_title":"Was gibt es dort zu sehen? - Oudheidkamer Texel","og_description":"Kamers vol verhalen over het vroegere leven op Texel.","og_url":"https:\/\/oudheidkamertexel.nl\/de\/was-gibt-es-dort-zu-sehen\/","og_site_name":"Oudheidkamer Texel","article_modified_time":"2026-04-10T15:20:47+00:00","og_image":[{"width":2000,"height":500,"url":"https:\/\/oudheidkamertexel.nl\/wp-content\/uploads\/2024\/07\/header-jongens-carrousel-11.jpg","type":"image\/jpeg"}],"twitter_card":"summary_large_image","twitter_misc":{"Est. reading time":"1 minute"},"schema":{"@context":"https:\/\/schema.org","@graph":[{"@type":"WebPage","@id":"https:\/\/oudheidkamertexel.nl\/de\/was-gibt-es-dort-zu-sehen\/","url":"https:\/\/oudheidkamertexel.nl\/de\/was-gibt-es-dort-zu-sehen\/","name":"Was gibt es dort zu sehen? - Oudheidkamer Texel","isPartOf":{"@id":"https:\/\/oudheidkamertexel.nl\/de\/#website"},"primaryImageOfPage":{"@id":"https:\/\/oudheidkamertexel.nl\/de\/was-gibt-es-dort-zu-sehen\/#primaryimage"},"image":{"@id":"https:\/\/oudheidkamertexel.nl\/de\/was-gibt-es-dort-zu-sehen\/#primaryimage"},"thumbnailUrl":"https:\/\/oudheidkamertexel.nl\/wp-content\/uploads\/2024\/07\/header-jongens-carrousel-11.jpg","datePublished":"2024-05-27T13:47:30+00:00","dateModified":"2026-04-10T15:20:47+00:00","description":"Kamers vol verhalen over het vroegere leven op Texel.","breadcrumb":{"@id":"https:\/\/oudheidkamertexel.nl\/de\/was-gibt-es-dort-zu-sehen\/#breadcrumb"},"inLanguage":"de-DE","potentialAction":[{"@type":"ReadAction","target":["https:\/\/oudheidkamertexel.nl\/de\/was-gibt-es-dort-zu-sehen\/"]}]},{"@type":"ImageObject","inLanguage":"de-DE","@id":"https:\/\/oudheidkamertexel.nl\/de\/was-gibt-es-dort-zu-sehen\/#primaryimage","url":"https:\/\/oudheidkamertexel.nl\/wp-content\/uploads\/2024\/07\/header-jongens-carrousel-11.jpg","contentUrl":"https:\/\/oudheidkamertexel.nl\/wp-content\/uploads\/2024\/07\/header-jongens-carrousel-11.jpg","width":2000,"height":500,"caption":"Twee jongens kijken naar het speelgoed van de generatie van hun oma in de tentoonstelling Spelen met het Verleden"},{"@type":"BreadcrumbList","@id":"https:\/\/oudheidkamertexel.nl\/de\/was-gibt-es-dort-zu-sehen\/#breadcrumb","itemListElement":[{"@type":"ListItem","position":1,"name":"Home","item":"https:\/\/oudheidkamertexel.nl\/de\/"},{"@type":"ListItem","position":2,"name":"Was gibt es dort zu sehen?"}]},{"@type":"WebSite","@id":"https:\/\/oudheidkamertexel.nl\/de\/#website","url":"https:\/\/oudheidkamertexel.nl\/de\/","name":"Oudheidkamer Texel","description":"","potentialAction":[{"@type":"SearchAction","target":{"@type":"EntryPoint","urlTemplate":"https:\/\/oudheidkamertexel.nl\/de\/?s={search_term_string}"},"query-input":{"@type":"PropertyValueSpecification","valueRequired":true,"valueName":"search_term_string"}}],"inLanguage":"de-DE"}]}},"_links":{"self":[{"href":"https:\/\/oudheidkamertexel.nl\/de\/wp-json\/wp\/v2\/pages\/1746","targetHints":{"allow":["GET"]}}],"collection":[{"href":"https:\/\/oudheidkamertexel.nl\/de\/wp-json\/wp\/v2\/pages"}],"about":[{"href":"https:\/\/oudheidkamertexel.nl\/de\/wp-json\/wp\/v2\/types\/page"}],"author":[{"embeddable":true,"href":"https:\/\/oudheidkamertexel.nl\/de\/wp-json\/wp\/v2\/users\/1"}],"replies":[{"embeddable":true,"href":"https:\/\/oudheidkamertexel.nl\/de\/wp-json\/wp\/v2\/comments?post=1746"}],"version-history":[{"count":7,"href":"https:\/\/oudheidkamertexel.nl\/de\/wp-json\/wp\/v2\/pages\/1746\/revisions"}],"predecessor-version":[{"id":2979,"href":"https:\/\/oudheidkamertexel.nl\/de\/wp-json\/wp\/v2\/pages\/1746\/revisions\/2979"}],"wp:featuredmedia":[{"embeddable":true,"href":"https:\/\/oudheidkamertexel.nl\/de\/wp-json\/wp\/v2\/media\/1155"}],"wp:attachment":[{"href":"https:\/\/oudheidkamertexel.nl\/de\/wp-json\/wp\/v2\/media?parent=1746"}],"curies":[{"name":"wp","href":"https:\/\/api.w.org\/{rel}","templated":true}]}}