{"id":1724,"date":"2024-06-25T12:00:47","date_gmt":"2024-06-25T10:00:47","guid":{"rendered":"https:\/\/oudheidkamertexel.nl\/tickets-informatie\/"},"modified":"2026-02-03T13:45:53","modified_gmt":"2026-02-03T12:45:53","slug":"karten-information","status":"publish","type":"page","link":"https:\/\/oudheidkamertexel.nl\/de\/karten-information\/","title":{"rendered":"Karten &amp; Information"},"content":{"rendered":"<section class=\"wp-block  alignfull block-room  circle-shapes\" id=\"block-room-block_96b25d01ed7dda03e5ff98cab95ebd04\">\n            <div class=\"row align-center\">\n            <div class=\"column small-12 large-8\">\n                <div class=\"text-center special-text\">\n                                            <span>Planen Sie Ihren Besuch<\/span>\n                                                                <h2>Karten &#038; Information<\/h2>\n                                        <p>Willkommen in einem der \u00e4ltesten H\u00e4user von Texel!<\/p>\n                <\/div>\n            <\/div>\n        <\/div>\n    \n    <div class=\"row expanded small-up-1 large-up-3 \">\n            <\/div>\n<\/section>\n\n\n<section class=\"image-text wp-block alignfull image-text--image-left\" id=\"text-image-block_f36fa3cfe5760c4dfa2aa1a30b1944d2\">\n\t<div class=\"row align-middle\">\n\t\t\t\t\t<div class=\"column small-12 large-6 image-text__text-col\">\n\t\t\t\t<div class=\"px-l\">\n\t\t\t\t\t\t\t\t\t\t\t\t\t\t\t\t\t<h2 class=\"image-text__title\">\u00d6ffnungszeiten und Preise<\/h2>\n\t\t\t\t\t\t\t\t\t\t\t\t\t\t\t\t<div class=\"image-text__text\">\n\t\t\t\t\t\t\t<p><strong>\u00d6ffnungszeiten:<\/strong><br \/>\n<span class=\"jCAhz ChMk0b\"><span class=\"ryNqvb\">Mo bis Fr: 11 \u2013 17 Uhr<br \/>\n<\/span><\/span><span class=\"jCAhz\"><span class=\"ryNqvb\">Sa: 12 \u2013 16 Uhr<br \/>\n<\/span><\/span><span class=\"jCAhz ChMk0b\"><span class=\"ryNqvb\">Sonntags und feiertags geschlossen<br \/>\nWintersperre: ab 2. November till 1. April<br \/>\n<\/span><\/span><\/p>\n<p><strong>Preise:<\/strong><br \/>\nErwachsene: \u20ac 5,50<br \/>\nKinder\/Jugendliche 4-12 Jahre: \u20ac 3,65<br \/>\nKinder bis einschl. 3 Jahre: gratis<br \/>\nStudenten: \u20ac 3,50<\/p>\n<p>Museumskarte &amp; Texeler Museumspass gratis.<\/p>\n\t\t\t\t\t\t<\/div>\n\t\t\t\t\t\t\t\t\t\t\t\t\t\t<\/div>\n\t\t\t<\/div>\n\t\t\t\t\t\t\t<div class=\"column small-12 large-6 image-text__image-col\">\n\t\t\t\t<img class=\"image-text__image lazyload aspect-ratio-12-8\" data-src=\"https:\/\/oudheidkamertexel.nl\/wp-content\/uploads\/2024\/06\/full-entree-2024-26-kleiner-2-1200x800.jpg\" alt=\"De gevel van de Oudheidkamer met een wapperende Texelse vlag.\" \/>\n\t\t\t<\/div>\n\t\t\t<\/div>\n<\/section>\n\n<section class=\"image-text wp-block image-text--image-left\" id=\"text-image-block_9f7475c1dee98291009cf0608c1fcff3\">\n\t<div class=\"row align-middle collapse\" style=\"width: 100%;\">\n\t\t<div class=\"column small-12 large-5 mb-l in-viewport\">\n\t\t\t\t\t\t\t<h3 class=\"mb-m\">Adresse und parken<\/h3>\n\t\t\t\t\t\t<div class=\"row\" style=\"width: 100%;\">\n\t\t\t\t<div class=\"column small-12 large-12 no-padding\">\n\t\t\t\t\t<p>\n\t\t\t\t\t\t<strong>Adres:<\/strong><br>Kogerstraat 1<br>1791 EN  Den Burg<br>0222-313135\t\t\t\t\t<\/p>\t\t\t\t\n\t\t\t\t\t\t\t\t\t\t\t<p><strong>Parken<\/strong><\/p>\n<p>In der N\u00e4he der Oudheidkamer: Parkplatz Vogelenzang. Zwei Stunden kostenlos mit einer blauen Parkscheibe.<\/p>\n\t\t\t\t\t\t\t\t\t<\/div>\n\t\t\t<\/div>\n\t\t<\/div>\n\t\t<div class=\"column small-12 large-offset-1 large-6 in-viewport\">\n\t\t\t<iframe src=\"https:\/\/www.google.com\/maps\/embed?pb=!1m18!1m12!1m3!1d2398.0432694953247!2d4.793801713194062!3d53.055529972090405!2m3!1f0!2f0!3f0!3m2!1i1024!2i768!4f13.1!3m3!1m2!1s0x47cf30be47415acb%3A0xf7b5c5fdb5d78c7d!2sOudheidkamer%20Texel!5e0!3m2!1snl!2snl!4v1716470198548!5m2!1snl!2snl\" width=\"100%\" height=\"520\" style=\"border:0;\" allowfullscreen=\"\" loading=\"lazy\" referrerpolicy=\"no-referrer-when-downgrade\"><\/iframe>\n\t\t<\/div>\n\t<\/div>\n<\/section>\n\n\n<h3 class=\"wp-block-heading\">Barrierefreiheit<\/h3>\n\n\n\n<p>Die Oudheidkamer ist ein historisches Wohnhaus aus dem Jahr 1599. Aus diesem Grund ist das Museum f\u00fcr Menschen mit Mobilit\u00e4tsproblemen leider nur schwer zug\u00e4nglich. Es ist nicht m\u00f6glich, das Museum mit einem Rollstuhl oder Scooter zu besuchen, und mit einem Rollator nur, wenn Schwellen und kleine Stufen kein Problem darstellen. Das Obergeschoss ist nur \u00fcber eine schmale, steile Treppe zu erreichen. F\u00fcr diejenigen, die sich nicht hinauf trauen, liegt es unten ein Heft mit Fotos der Ausstellung und den dazugeh\u00f6rigen Texten aus. So kann man unten bleiben und sich trotzdem einen guten Eindruck von der Wechselausstellung verschaffen.<\/p>\n\n\n\n<h3 class=\"wp-block-heading\">Hunden<\/h3>\n\n\n\n<p>Hunde sind in der Oudheidkamer nicht erlaubt, mit Ausnahme von Assistenzhunden.<\/p>\n\n\n\n<h3 class=\"wp-block-heading\">Hausordnung<\/h3>\n\n\n\n<p>Bei Oudheidkamer Texel legen wir Wert darauf, dass jeder das Museum angenehm und sicher genie\u00dfen kann. Lesen Sie <a href=\"https:\/\/oudheidkamertexel.nl\/de\/karten-information\/hausordnung\/\">hier die Hausordnung f\u00fcr unsere Besucher<\/a>.<\/p>\n\n\n\n<p><\/p>\n","protected":false},"excerpt":{"rendered":"<p>Karten, Information und Barrierefreiheit<\/p>\n","protected":false},"author":2,"featured_media":1497,"parent":0,"menu_order":67,"comment_status":"closed","ping_status":"closed","template":"page-templates\/small-header-text.php","meta":{"_acf_changed":false,"footnotes":""},"class_list":["post-1724","page","type-page","status-publish","has-post-thumbnail","hentry"],"acf":[],"yoast_head":"<!-- This site is optimized with the Yoast SEO plugin v27.5 - https:\/\/yoast.com\/product\/yoast-seo-wordpress\/ -->\n<title>Karten &amp; Information - Oudheidkamer Texel<\/title>\n<meta name=\"description\" content=\"Karten, Information und Barrierefreiheit\" \/>\n<meta name=\"robots\" content=\"index, follow, max-snippet:-1, max-image-preview:large, max-video-preview:-1\" \/>\n<link rel=\"canonical\" href=\"https:\/\/oudheidkamertexel.nl\/de\/karten-information\/\" \/>\n<meta property=\"og:locale\" content=\"de_DE\" \/>\n<meta property=\"og:type\" content=\"article\" \/>\n<meta property=\"og:title\" content=\"Karten &amp; Information - Oudheidkamer Texel\" \/>\n<meta property=\"og:description\" content=\"Karten, Information und Barrierefreiheit\" \/>\n<meta property=\"og:url\" content=\"https:\/\/oudheidkamertexel.nl\/de\/karten-information\/\" \/>\n<meta property=\"og:site_name\" content=\"Oudheidkamer Texel\" \/>\n<meta property=\"article:modified_time\" content=\"2026-02-03T12:45:53+00:00\" \/>\n<meta property=\"og:image\" content=\"https:\/\/oudheidkamertexel.nl\/wp-content\/uploads\/2024\/07\/Header-over-ons-.jpg\" \/>\n\t<meta property=\"og:image:width\" content=\"2000\" \/>\n\t<meta property=\"og:image:height\" content=\"503\" \/>\n\t<meta property=\"og:image:type\" content=\"image\/jpeg\" \/>\n<meta name=\"twitter:card\" content=\"summary_large_image\" \/>\n<meta name=\"twitter:label1\" content=\"Est. reading time\" \/>\n\t<meta name=\"twitter:data1\" content=\"1 minute\" \/>\n<script type=\"application\/ld+json\" class=\"yoast-schema-graph\">{\"@context\":\"https:\\\/\\\/schema.org\",\"@graph\":[{\"@type\":\"WebPage\",\"@id\":\"https:\\\/\\\/oudheidkamertexel.nl\\\/de\\\/karten-information\\\/\",\"url\":\"https:\\\/\\\/oudheidkamertexel.nl\\\/de\\\/karten-information\\\/\",\"name\":\"Karten &amp; Information - Oudheidkamer Texel\",\"isPartOf\":{\"@id\":\"https:\\\/\\\/oudheidkamertexel.nl\\\/de\\\/#website\"},\"primaryImageOfPage\":{\"@id\":\"https:\\\/\\\/oudheidkamertexel.nl\\\/de\\\/karten-information\\\/#primaryimage\"},\"image\":{\"@id\":\"https:\\\/\\\/oudheidkamertexel.nl\\\/de\\\/karten-information\\\/#primaryimage\"},\"thumbnailUrl\":\"https:\\\/\\\/oudheidkamertexel.nl\\\/wp-content\\\/uploads\\\/2024\\\/07\\\/Header-over-ons-.jpg\",\"datePublished\":\"2024-06-25T10:00:47+00:00\",\"dateModified\":\"2026-02-03T12:45:53+00:00\",\"breadcrumb\":{\"@id\":\"https:\\\/\\\/oudheidkamertexel.nl\\\/de\\\/karten-information\\\/#breadcrumb\"},\"inLanguage\":\"de-DE\",\"potentialAction\":[{\"@type\":\"ReadAction\",\"target\":[\"https:\\\/\\\/oudheidkamertexel.nl\\\/de\\\/karten-information\\\/\"]}]},{\"@type\":\"ImageObject\",\"inLanguage\":\"de-DE\",\"@id\":\"https:\\\/\\\/oudheidkamertexel.nl\\\/de\\\/karten-information\\\/#primaryimage\",\"url\":\"https:\\\/\\\/oudheidkamertexel.nl\\\/wp-content\\\/uploads\\\/2024\\\/07\\\/Header-over-ons-.jpg\",\"contentUrl\":\"https:\\\/\\\/oudheidkamertexel.nl\\\/wp-content\\\/uploads\\\/2024\\\/07\\\/Header-over-ons-.jpg\",\"width\":2000,\"height\":503,\"caption\":\"Detail van de deurkalf boven de entree van de Oudheidkamer\"},{\"@type\":\"BreadcrumbList\",\"@id\":\"https:\\\/\\\/oudheidkamertexel.nl\\\/de\\\/karten-information\\\/#breadcrumb\",\"itemListElement\":[{\"@type\":\"ListItem\",\"position\":1,\"name\":\"Home\",\"item\":\"https:\\\/\\\/oudheidkamertexel.nl\\\/de\\\/\"},{\"@type\":\"ListItem\",\"position\":2,\"name\":\"Karten &amp; Information\"}]},{\"@type\":\"WebSite\",\"@id\":\"https:\\\/\\\/oudheidkamertexel.nl\\\/de\\\/#website\",\"url\":\"https:\\\/\\\/oudheidkamertexel.nl\\\/de\\\/\",\"name\":\"Oudheidkamer Texel\",\"description\":\"\",\"potentialAction\":[{\"@type\":\"SearchAction\",\"target\":{\"@type\":\"EntryPoint\",\"urlTemplate\":\"https:\\\/\\\/oudheidkamertexel.nl\\\/de\\\/?s={search_term_string}\"},\"query-input\":{\"@type\":\"PropertyValueSpecification\",\"valueRequired\":true,\"valueName\":\"search_term_string\"}}],\"inLanguage\":\"de-DE\"}]}<\/script>\n<!-- \/ Yoast SEO plugin. -->","yoast_head_json":{"title":"Karten &amp; Information - Oudheidkamer Texel","description":"Karten, Information und Barrierefreiheit","robots":{"index":"index","follow":"follow","max-snippet":"max-snippet:-1","max-image-preview":"max-image-preview:large","max-video-preview":"max-video-preview:-1"},"canonical":"https:\/\/oudheidkamertexel.nl\/de\/karten-information\/","og_locale":"de_DE","og_type":"article","og_title":"Karten &amp; Information - Oudheidkamer Texel","og_description":"Karten, Information und Barrierefreiheit","og_url":"https:\/\/oudheidkamertexel.nl\/de\/karten-information\/","og_site_name":"Oudheidkamer Texel","article_modified_time":"2026-02-03T12:45:53+00:00","og_image":[{"width":2000,"height":503,"url":"https:\/\/oudheidkamertexel.nl\/wp-content\/uploads\/2024\/07\/Header-over-ons-.jpg","type":"image\/jpeg"}],"twitter_card":"summary_large_image","twitter_misc":{"Est. reading time":"1 minute"},"schema":{"@context":"https:\/\/schema.org","@graph":[{"@type":"WebPage","@id":"https:\/\/oudheidkamertexel.nl\/de\/karten-information\/","url":"https:\/\/oudheidkamertexel.nl\/de\/karten-information\/","name":"Karten &amp; Information - Oudheidkamer Texel","isPartOf":{"@id":"https:\/\/oudheidkamertexel.nl\/de\/#website"},"primaryImageOfPage":{"@id":"https:\/\/oudheidkamertexel.nl\/de\/karten-information\/#primaryimage"},"image":{"@id":"https:\/\/oudheidkamertexel.nl\/de\/karten-information\/#primaryimage"},"thumbnailUrl":"https:\/\/oudheidkamertexel.nl\/wp-content\/uploads\/2024\/07\/Header-over-ons-.jpg","datePublished":"2024-06-25T10:00:47+00:00","dateModified":"2026-02-03T12:45:53+00:00","breadcrumb":{"@id":"https:\/\/oudheidkamertexel.nl\/de\/karten-information\/#breadcrumb"},"inLanguage":"de-DE","potentialAction":[{"@type":"ReadAction","target":["https:\/\/oudheidkamertexel.nl\/de\/karten-information\/"]}]},{"@type":"ImageObject","inLanguage":"de-DE","@id":"https:\/\/oudheidkamertexel.nl\/de\/karten-information\/#primaryimage","url":"https:\/\/oudheidkamertexel.nl\/wp-content\/uploads\/2024\/07\/Header-over-ons-.jpg","contentUrl":"https:\/\/oudheidkamertexel.nl\/wp-content\/uploads\/2024\/07\/Header-over-ons-.jpg","width":2000,"height":503,"caption":"Detail van de deurkalf boven de entree van de Oudheidkamer"},{"@type":"BreadcrumbList","@id":"https:\/\/oudheidkamertexel.nl\/de\/karten-information\/#breadcrumb","itemListElement":[{"@type":"ListItem","position":1,"name":"Home","item":"https:\/\/oudheidkamertexel.nl\/de\/"},{"@type":"ListItem","position":2,"name":"Karten &amp; Information"}]},{"@type":"WebSite","@id":"https:\/\/oudheidkamertexel.nl\/de\/#website","url":"https:\/\/oudheidkamertexel.nl\/de\/","name":"Oudheidkamer Texel","description":"","potentialAction":[{"@type":"SearchAction","target":{"@type":"EntryPoint","urlTemplate":"https:\/\/oudheidkamertexel.nl\/de\/?s={search_term_string}"},"query-input":{"@type":"PropertyValueSpecification","valueRequired":true,"valueName":"search_term_string"}}],"inLanguage":"de-DE"}]}},"_links":{"self":[{"href":"https:\/\/oudheidkamertexel.nl\/de\/wp-json\/wp\/v2\/pages\/1724","targetHints":{"allow":["GET"]}}],"collection":[{"href":"https:\/\/oudheidkamertexel.nl\/de\/wp-json\/wp\/v2\/pages"}],"about":[{"href":"https:\/\/oudheidkamertexel.nl\/de\/wp-json\/wp\/v2\/types\/page"}],"author":[{"embeddable":true,"href":"https:\/\/oudheidkamertexel.nl\/de\/wp-json\/wp\/v2\/users\/2"}],"replies":[{"embeddable":true,"href":"https:\/\/oudheidkamertexel.nl\/de\/wp-json\/wp\/v2\/comments?post=1724"}],"version-history":[{"count":14,"href":"https:\/\/oudheidkamertexel.nl\/de\/wp-json\/wp\/v2\/pages\/1724\/revisions"}],"predecessor-version":[{"id":2886,"href":"https:\/\/oudheidkamertexel.nl\/de\/wp-json\/wp\/v2\/pages\/1724\/revisions\/2886"}],"wp:featuredmedia":[{"embeddable":true,"href":"https:\/\/oudheidkamertexel.nl\/de\/wp-json\/wp\/v2\/media\/1497"}],"wp:attachment":[{"href":"https:\/\/oudheidkamertexel.nl\/de\/wp-json\/wp\/v2\/media?parent=1724"}],"curies":[{"name":"wp","href":"https:\/\/api.w.org\/{rel}","templated":true}]}}