{"id":1698,"date":"2024-05-30T08:37:49","date_gmt":"2024-05-30T06:37:49","guid":{"rendered":"https:\/\/oudheidkamertexel.nl\/tentoonstelling\/"},"modified":"2026-04-13T14:44:39","modified_gmt":"2026-04-13T12:44:39","slug":"ausstellung","status":"publish","type":"page","link":"https:\/\/oudheidkamertexel.nl\/de\/was-gibt-es-dort-zu-sehen\/das-obergeschoss\/ausstellung\/","title":{"rendered":"Boven de Bank &#8211; \u00dcber der Couch"},"content":{"rendered":"<section class=\"wp-block  alignfull block-room  circle-shapes\" id=\"block-room-block_26e81208eef94d65417283e16173da2b\">\n            <div class=\"row align-center\">\n            <div class=\"column small-12 large-8\">\n                <div class=\"text-center special-text\">\n                                            <span>Ausstellung mit Texeler Motiven<\/span>\n                                                                <h2>Bilder von Texel<\/h2>\n                                        <p>Wie sehr hat sich Texel doch im Laufe eines Jahrhunderts ver\u00e4ndert! Die Gem\u00e4lde mit charakteristischen Geb\u00e4uden, Dorfansichten und Landschaften zeigen das Texel des fr\u00fchen 20. Jahrhunderts. In einer farbenfrohen Umgebung, nach Themen geordnet.<\/p>\n                <\/div>\n            <\/div>\n        <\/div>\n    \n    <div class=\"row expanded small-up-1 large-up-3 \">\n            <\/div>\n<\/section>\n\n\n<section class=\"image-text wp-block alignfull image-text--image-right\" id=\"text-image-block_c3bef28356171c0296fcc2a79f167906\">\n\t<div class=\"row align-middle\">\n\t\t\t\t\t<div class=\"column small-12 large-6 image-text__text-col\">\n\t\t\t\t<div class=\"px-l\">\n\t\t\t\t\t\t\t\t\t\t\t\t\t\t\t\t\t<h3 class=\"image-text__title\">Von professionellen K\u00fcnstlern und Amateuren<\/h3>\n\t\t\t\t\t\t\t\t\t\t\t\t\t\t\t\t<div class=\"image-text__text\">\n\t\t\t\t\t\t\t<p>In \u201eBoven de Bank\u201c h\u00e4ngen fast 50 Werke sowohl von Profis als auch von Amateuren. So sieht man Gem\u00e4lde bekannter Maler wie Blok van der Velde und Souwtje de Wijn neben Werken unbekannter K\u00fcnstler.  Dank Jac.P. Thijsse und den Verkade-Alben erhielt Texel das Image eines ganz besonderen Naturgebiets. Auf den Gem\u00e4lden sieht man das Texel von fr\u00fcher mit einer weiten Landschaft und Sandwegen durch die D\u00f6rfer. Was f\u00fcr ein Unterschied zur heutigen Zeit! <\/p>\n\t\t\t\t\t\t<\/div>\n\t\t\t\t\t\t\t\t\t\t\t\t\t\t<\/div>\n\t\t\t<\/div>\n\t\t\t\t\t\t\t<div class=\"column small-12 large-6 image-text__image-col\">\n\t\t\t\t<img class=\"image-text__image lazyload aspect-ratio-12-8\" data-src=\"https:\/\/oudheidkamertexel.nl\/wp-content\/uploads\/2026\/04\/Boven-de-Bank-foto-naast-tekst-ws-1200x800.jpg\" alt=\"Twee dames vergelijken oude ansichtkaarten met schilderijen aan de muur.\" \/>\n\t\t\t<\/div>\n\t\t\t<\/div>\n<\/section>\n\n\n<section class=\"image-text wp-block alignfull image-text--image-left\" id=\"text-image-block_3036ee23de4f5b2efbc337709ee243de\">\n\t<div class=\"row align-middle\">\n\t\t\t\t\t<div class=\"column small-12 large-6 image-text__text-col\">\n\t\t\t\t<div class=\"px-l\">\n\t\t\t\t\t\t\t\t\t\t\t\t\t\t\t\t\t<h3 class=\"image-text__title\">Auch f\u00fcr Kinder<\/h3>\n\t\t\t\t\t\t\t\t\t\t\t\t\t\t\t\t<div class=\"image-text__text\">\n\t\t\t\t\t\t\t<p>Speziell f\u00fcr Kinder wurden der Ausstellung spielerische Elemente hinzugef\u00fcgt. Zwei Vitrinen wurden zu Puppenhauszimmern umgestaltet. W\u00e4hle deine Einrichtung, einschlie\u00dflich der Gem\u00e4lde, und gestalte sie ganz nach deinem Geschmack! Einige Gem\u00e4lde finden sich in einem gro\u00dfen Puzzle wieder. Apropos Puzzle: Erkennst du, welches aktuelle Foto denselben Ort zeigt wie das Gem\u00e4lde von vor einem Jahrhundert?<\/p>\n\t\t\t\t\t\t<\/div>\n\t\t\t\t\t\t\t\t\t\t\t\t\t\t<\/div>\n\t\t\t<\/div>\n\t\t\t\t\t\t\t<div class=\"column small-12 large-6 image-text__image-col\">\n\t\t\t\t<img class=\"image-text__image lazyload aspect-ratio-12-8\" data-src=\"https:\/\/oudheidkamertexel.nl\/wp-content\/uploads\/2026\/04\/Poppenhuiskamer-1200x800.jpg\" alt=\"Een hand houdt een lapje vast voor een ingerichte poppenhuiskamer.\" \/>\n\t\t\t<\/div>\n\t\t\t<\/div>\n<\/section>\n\n<section class=\"wp-block alignfull more-items\" id=\"more-items-block_e1859d1ca52122626f91802b42a55d94\">\n\t<div class=\"row text-center align-center pb-s\">\n\t\t<div class=\"column small-12 large-6\">\n\t\t\t<h2>Mehr Wissen?<\/h2>\t\t\t\t\t<\/div> \n\t<\/div>\n\t<div class=\"row small-up-1 medium-up-2 large-up-3 flex-grow\">\n\t\t\t\t\t<div class=\"column\">\n\t\t\t\t<a href=\"https:\/\/oudheidkamertexel.nl\/de\/geschichten-von-fruher\/\" class=\"card grow card--white\">\n\t\t\t\t\t<img class=\"card__image lazyload aspect-ratio-6-4\" data-src=\"https:\/\/oudheidkamertexel.nl\/wp-content\/uploads\/2024\/07\/keukenplank-600x400.jpg\" alt=\"De keukenplank boven het aanrecht in de keuken van Oudheidkamer Texel\" \/>\n\t\t\t\t\t<div class=\"card__content grow\">\n\t\t\t\t\t\t<h3 class=\"h4 card__title\">Geschichten von fr\u00fcher<\/h3>\n\t\t\t\t\t\t<div class=\"card__text text-grow\">\n\t\t\t\t\t\t\t<p>Oudheidkamer Texel ist ein Haus voller Geschichten<\/p>\n\t\t\t\t\t\t<\/div>\n\t\t\t\t\t\t<button class=\"button card__button\"><\/button>\n\t\t\t\t\t<\/div>\n\t\t\t\t<\/a>\n\t\t\t<\/div>\n\t\t\t\t\t<div class=\"column\">\n\t\t\t\t<a href=\"https:\/\/oudheidkamertexel.nl\/de\/was-gibt-es-dort-zu-sehen\/\" class=\"card grow card--white\">\n\t\t\t\t\t<img class=\"card__image lazyload aspect-ratio-6-4\" data-src=\"https:\/\/oudheidkamertexel.nl\/wp-content\/uploads\/2024\/07\/header-jongens-carrousel-11-600x400.jpg\" alt=\"Twee jongens kijken naar het speelgoed van de generatie van hun oma in de tentoonstelling Spelen met het Verleden\" \/>\n\t\t\t\t\t<div class=\"card__content grow\">\n\t\t\t\t\t\t<h3 class=\"h4 card__title\">Was gibt es dort zu sehen?<\/h3>\n\t\t\t\t\t\t<div class=\"card__text text-grow\">\n\t\t\t\t\t\t\t<p>Ein Haus, in dem die Zeit stehen geblieben ist<\/p>\n\t\t\t\t\t\t<\/div>\n\t\t\t\t\t\t<button class=\"button card__button\"><\/button>\n\t\t\t\t\t<\/div>\n\t\t\t\t<\/a>\n\t\t\t<\/div>\n\t\t\t\t\t<div class=\"column\">\n\t\t\t\t<a href=\"https:\/\/oudheidkamertexel.nl\/de\/karten-information\/\" class=\"card grow card--white\">\n\t\t\t\t\t<img class=\"card__image lazyload aspect-ratio-6-4\" data-src=\"https:\/\/oudheidkamertexel.nl\/wp-content\/uploads\/2024\/07\/Header-over-ons--600x400.jpg\" alt=\"Detail van de deurkalf boven de entree van de Oudheidkamer\" \/>\n\t\t\t\t\t<div class=\"card__content grow\">\n\t\t\t\t\t\t<h3 class=\"h4 card__title\">Karten &amp; Information<\/h3>\n\t\t\t\t\t\t<div class=\"card__text text-grow\">\n\t\t\t\t\t\t\t<p>Karten, Information und Barrierefreiheit<\/p>\n\t\t\t\t\t\t<\/div>\n\t\t\t\t\t\t<button class=\"button card__button\"><\/button>\n\t\t\t\t\t<\/div>\n\t\t\t\t<\/a>\n\t\t\t<\/div>\n\t\t\t<\/div>\n<\/section>\n","protected":false},"excerpt":{"rendered":"<p>Entdecken Sie, wie Kinder fr\u00fcher gespielt haben und werden Sie selbst aktiv!<\/p>\n","protected":false},"author":1,"featured_media":2941,"parent":1771,"menu_order":94,"comment_status":"closed","ping_status":"closed","template":"page-templates\/tentoonstelling.php","meta":{"_acf_changed":false,"footnotes":""},"class_list":["post-1698","page","type-page","status-publish","has-post-thumbnail","hentry"],"acf":[],"yoast_head":"<!-- This site is optimized with the Yoast SEO plugin v27.5 - https:\/\/yoast.com\/product\/yoast-seo-wordpress\/ -->\n<title>Boven de Bank - \u00dcber der Couch - Oudheidkamer Texel<\/title>\n<meta name=\"description\" content=\"Entdecken Sie, wie Kinder fr\u00fcher gespielt haben und werden Sie selbst aktiv!\" \/>\n<meta name=\"robots\" content=\"index, follow, max-snippet:-1, max-image-preview:large, max-video-preview:-1\" \/>\n<link rel=\"canonical\" href=\"https:\/\/oudheidkamertexel.nl\/de\/was-gibt-es-dort-zu-sehen\/das-obergeschoss\/ausstellung\/\" \/>\n<meta property=\"og:locale\" content=\"de_DE\" \/>\n<meta property=\"og:type\" content=\"article\" \/>\n<meta property=\"og:title\" content=\"Boven de Bank - \u00dcber der Couch - Oudheidkamer Texel\" \/>\n<meta property=\"og:description\" content=\"Entdecken Sie, wie Kinder fr\u00fcher gespielt haben und werden Sie selbst aktiv!\" \/>\n<meta property=\"og:url\" content=\"https:\/\/oudheidkamertexel.nl\/de\/was-gibt-es-dort-zu-sehen\/das-obergeschoss\/ausstellung\/\" \/>\n<meta property=\"og:site_name\" content=\"Oudheidkamer Texel\" \/>\n<meta property=\"article:modified_time\" content=\"2026-04-13T12:44:39+00:00\" \/>\n<meta property=\"og:image\" content=\"https:\/\/oudheidkamertexel.nl\/wp-content\/uploads\/2026\/04\/Header-Boven-de-Bank-website.jpg\" \/>\n\t<meta property=\"og:image:width\" content=\"2000\" \/>\n\t<meta property=\"og:image:height\" content=\"1125\" \/>\n\t<meta property=\"og:image:type\" content=\"image\/jpeg\" \/>\n<meta name=\"twitter:card\" content=\"summary_large_image\" \/>\n<meta name=\"twitter:label1\" content=\"Est. reading time\" \/>\n\t<meta name=\"twitter:data1\" content=\"1 minute\" \/>\n<script type=\"application\/ld+json\" class=\"yoast-schema-graph\">{\"@context\":\"https:\\\/\\\/schema.org\",\"@graph\":[{\"@type\":\"WebPage\",\"@id\":\"https:\\\/\\\/oudheidkamertexel.nl\\\/de\\\/was-gibt-es-dort-zu-sehen\\\/das-obergeschoss\\\/ausstellung\\\/\",\"url\":\"https:\\\/\\\/oudheidkamertexel.nl\\\/de\\\/was-gibt-es-dort-zu-sehen\\\/das-obergeschoss\\\/ausstellung\\\/\",\"name\":\"Boven de Bank - \u00dcber der Couch - Oudheidkamer Texel\",\"isPartOf\":{\"@id\":\"https:\\\/\\\/oudheidkamertexel.nl\\\/de\\\/#website\"},\"primaryImageOfPage\":{\"@id\":\"https:\\\/\\\/oudheidkamertexel.nl\\\/de\\\/was-gibt-es-dort-zu-sehen\\\/das-obergeschoss\\\/ausstellung\\\/#primaryimage\"},\"image\":{\"@id\":\"https:\\\/\\\/oudheidkamertexel.nl\\\/de\\\/was-gibt-es-dort-zu-sehen\\\/das-obergeschoss\\\/ausstellung\\\/#primaryimage\"},\"thumbnailUrl\":\"https:\\\/\\\/oudheidkamertexel.nl\\\/wp-content\\\/uploads\\\/2026\\\/04\\\/Header-Boven-de-Bank-website.jpg\",\"datePublished\":\"2024-05-30T06:37:49+00:00\",\"dateModified\":\"2026-04-13T12:44:39+00:00\",\"breadcrumb\":{\"@id\":\"https:\\\/\\\/oudheidkamertexel.nl\\\/de\\\/was-gibt-es-dort-zu-sehen\\\/das-obergeschoss\\\/ausstellung\\\/#breadcrumb\"},\"inLanguage\":\"de-DE\",\"potentialAction\":[{\"@type\":\"ReadAction\",\"target\":[\"https:\\\/\\\/oudheidkamertexel.nl\\\/de\\\/was-gibt-es-dort-zu-sehen\\\/das-obergeschoss\\\/ausstellung\\\/\"]}]},{\"@type\":\"ImageObject\",\"inLanguage\":\"de-DE\",\"@id\":\"https:\\\/\\\/oudheidkamertexel.nl\\\/de\\\/was-gibt-es-dort-zu-sehen\\\/das-obergeschoss\\\/ausstellung\\\/#primaryimage\",\"url\":\"https:\\\/\\\/oudheidkamertexel.nl\\\/wp-content\\\/uploads\\\/2026\\\/04\\\/Header-Boven-de-Bank-website.jpg\",\"contentUrl\":\"https:\\\/\\\/oudheidkamertexel.nl\\\/wp-content\\\/uploads\\\/2026\\\/04\\\/Header-Boven-de-Bank-website.jpg\",\"width\":2000,\"height\":1125,\"caption\":\"Twee jonge vrouwen kijken in een fotoboek, zittend op een bank met schilderijen erboven\"},{\"@type\":\"BreadcrumbList\",\"@id\":\"https:\\\/\\\/oudheidkamertexel.nl\\\/de\\\/was-gibt-es-dort-zu-sehen\\\/das-obergeschoss\\\/ausstellung\\\/#breadcrumb\",\"itemListElement\":[{\"@type\":\"ListItem\",\"position\":1,\"name\":\"Home\",\"item\":\"https:\\\/\\\/oudheidkamertexel.nl\\\/de\\\/\"},{\"@type\":\"ListItem\",\"position\":2,\"name\":\"Was gibt es dort zu sehen?\",\"item\":\"https:\\\/\\\/oudheidkamertexel.nl\\\/de\\\/was-gibt-es-dort-zu-sehen\\\/\"},{\"@type\":\"ListItem\",\"position\":3,\"name\":\"Das Obergeschoss\",\"item\":\"https:\\\/\\\/oudheidkamertexel.nl\\\/de\\\/was-gibt-es-dort-zu-sehen\\\/das-obergeschoss\\\/\"},{\"@type\":\"ListItem\",\"position\":4,\"name\":\"Boven de Bank &#8211; \u00dcber der Couch\"}]},{\"@type\":\"WebSite\",\"@id\":\"https:\\\/\\\/oudheidkamertexel.nl\\\/de\\\/#website\",\"url\":\"https:\\\/\\\/oudheidkamertexel.nl\\\/de\\\/\",\"name\":\"Oudheidkamer Texel\",\"description\":\"\",\"potentialAction\":[{\"@type\":\"SearchAction\",\"target\":{\"@type\":\"EntryPoint\",\"urlTemplate\":\"https:\\\/\\\/oudheidkamertexel.nl\\\/de\\\/?s={search_term_string}\"},\"query-input\":{\"@type\":\"PropertyValueSpecification\",\"valueRequired\":true,\"valueName\":\"search_term_string\"}}],\"inLanguage\":\"de-DE\"}]}<\/script>\n<!-- \/ Yoast SEO plugin. -->","yoast_head_json":{"title":"Boven de Bank - \u00dcber der Couch - Oudheidkamer Texel","description":"Entdecken Sie, wie Kinder fr\u00fcher gespielt haben und werden Sie selbst aktiv!","robots":{"index":"index","follow":"follow","max-snippet":"max-snippet:-1","max-image-preview":"max-image-preview:large","max-video-preview":"max-video-preview:-1"},"canonical":"https:\/\/oudheidkamertexel.nl\/de\/was-gibt-es-dort-zu-sehen\/das-obergeschoss\/ausstellung\/","og_locale":"de_DE","og_type":"article","og_title":"Boven de Bank - \u00dcber der Couch - Oudheidkamer Texel","og_description":"Entdecken Sie, wie Kinder fr\u00fcher gespielt haben und werden Sie selbst aktiv!","og_url":"https:\/\/oudheidkamertexel.nl\/de\/was-gibt-es-dort-zu-sehen\/das-obergeschoss\/ausstellung\/","og_site_name":"Oudheidkamer Texel","article_modified_time":"2026-04-13T12:44:39+00:00","og_image":[{"width":2000,"height":1125,"url":"https:\/\/oudheidkamertexel.nl\/wp-content\/uploads\/2026\/04\/Header-Boven-de-Bank-website.jpg","type":"image\/jpeg"}],"twitter_card":"summary_large_image","twitter_misc":{"Est. reading time":"1 minute"},"schema":{"@context":"https:\/\/schema.org","@graph":[{"@type":"WebPage","@id":"https:\/\/oudheidkamertexel.nl\/de\/was-gibt-es-dort-zu-sehen\/das-obergeschoss\/ausstellung\/","url":"https:\/\/oudheidkamertexel.nl\/de\/was-gibt-es-dort-zu-sehen\/das-obergeschoss\/ausstellung\/","name":"Boven de Bank - \u00dcber der Couch - Oudheidkamer Texel","isPartOf":{"@id":"https:\/\/oudheidkamertexel.nl\/de\/#website"},"primaryImageOfPage":{"@id":"https:\/\/oudheidkamertexel.nl\/de\/was-gibt-es-dort-zu-sehen\/das-obergeschoss\/ausstellung\/#primaryimage"},"image":{"@id":"https:\/\/oudheidkamertexel.nl\/de\/was-gibt-es-dort-zu-sehen\/das-obergeschoss\/ausstellung\/#primaryimage"},"thumbnailUrl":"https:\/\/oudheidkamertexel.nl\/wp-content\/uploads\/2026\/04\/Header-Boven-de-Bank-website.jpg","datePublished":"2024-05-30T06:37:49+00:00","dateModified":"2026-04-13T12:44:39+00:00","breadcrumb":{"@id":"https:\/\/oudheidkamertexel.nl\/de\/was-gibt-es-dort-zu-sehen\/das-obergeschoss\/ausstellung\/#breadcrumb"},"inLanguage":"de-DE","potentialAction":[{"@type":"ReadAction","target":["https:\/\/oudheidkamertexel.nl\/de\/was-gibt-es-dort-zu-sehen\/das-obergeschoss\/ausstellung\/"]}]},{"@type":"ImageObject","inLanguage":"de-DE","@id":"https:\/\/oudheidkamertexel.nl\/de\/was-gibt-es-dort-zu-sehen\/das-obergeschoss\/ausstellung\/#primaryimage","url":"https:\/\/oudheidkamertexel.nl\/wp-content\/uploads\/2026\/04\/Header-Boven-de-Bank-website.jpg","contentUrl":"https:\/\/oudheidkamertexel.nl\/wp-content\/uploads\/2026\/04\/Header-Boven-de-Bank-website.jpg","width":2000,"height":1125,"caption":"Twee jonge vrouwen kijken in een fotoboek, zittend op een bank met schilderijen erboven"},{"@type":"BreadcrumbList","@id":"https:\/\/oudheidkamertexel.nl\/de\/was-gibt-es-dort-zu-sehen\/das-obergeschoss\/ausstellung\/#breadcrumb","itemListElement":[{"@type":"ListItem","position":1,"name":"Home","item":"https:\/\/oudheidkamertexel.nl\/de\/"},{"@type":"ListItem","position":2,"name":"Was gibt es dort zu sehen?","item":"https:\/\/oudheidkamertexel.nl\/de\/was-gibt-es-dort-zu-sehen\/"},{"@type":"ListItem","position":3,"name":"Das Obergeschoss","item":"https:\/\/oudheidkamertexel.nl\/de\/was-gibt-es-dort-zu-sehen\/das-obergeschoss\/"},{"@type":"ListItem","position":4,"name":"Boven de Bank &#8211; \u00dcber der Couch"}]},{"@type":"WebSite","@id":"https:\/\/oudheidkamertexel.nl\/de\/#website","url":"https:\/\/oudheidkamertexel.nl\/de\/","name":"Oudheidkamer Texel","description":"","potentialAction":[{"@type":"SearchAction","target":{"@type":"EntryPoint","urlTemplate":"https:\/\/oudheidkamertexel.nl\/de\/?s={search_term_string}"},"query-input":{"@type":"PropertyValueSpecification","valueRequired":true,"valueName":"search_term_string"}}],"inLanguage":"de-DE"}]}},"_links":{"self":[{"href":"https:\/\/oudheidkamertexel.nl\/de\/wp-json\/wp\/v2\/pages\/1698","targetHints":{"allow":["GET"]}}],"collection":[{"href":"https:\/\/oudheidkamertexel.nl\/de\/wp-json\/wp\/v2\/pages"}],"about":[{"href":"https:\/\/oudheidkamertexel.nl\/de\/wp-json\/wp\/v2\/types\/page"}],"author":[{"embeddable":true,"href":"https:\/\/oudheidkamertexel.nl\/de\/wp-json\/wp\/v2\/users\/1"}],"replies":[{"embeddable":true,"href":"https:\/\/oudheidkamertexel.nl\/de\/wp-json\/wp\/v2\/comments?post=1698"}],"version-history":[{"count":17,"href":"https:\/\/oudheidkamertexel.nl\/de\/wp-json\/wp\/v2\/pages\/1698\/revisions"}],"predecessor-version":[{"id":2990,"href":"https:\/\/oudheidkamertexel.nl\/de\/wp-json\/wp\/v2\/pages\/1698\/revisions\/2990"}],"up":[{"embeddable":true,"href":"https:\/\/oudheidkamertexel.nl\/de\/wp-json\/wp\/v2\/pages\/1771"}],"wp:featuredmedia":[{"embeddable":true,"href":"https:\/\/oudheidkamertexel.nl\/de\/wp-json\/wp\/v2\/media\/2941"}],"wp:attachment":[{"href":"https:\/\/oudheidkamertexel.nl\/de\/wp-json\/wp\/v2\/media?parent=1698"}],"curies":[{"name":"wp","href":"https:\/\/api.w.org\/{rel}","templated":true}]}}